{"id":50009,"date":"2021-01-21T15:36:04","date_gmt":"2021-01-21T18:36:04","guid":{"rendered":"https:\/\/www.livrariarema.com.br\/loja\/produtos\/sem%20categoria\/peregrino-o-ilustrado-john-bunyan\/"},"modified":"2025-09-29T15:01:54","modified_gmt":"2025-09-29T18:01:54","slug":"peregrino-o-ilustrado-john-bunyan","status":"publish","type":"product","link":"https:\/\/www.livrariarema.com.br\/loja\/produtos\/livros\/ficcao\/peregrino-o-ilustrado-john-bunyan\/","title":{"rendered":"Peregrino, O &#8211; Ilustrado &#8211; John Bunyan"},"content":{"rendered":"<p>Um dos mais famosos livros do mundo, agora com 250 ilustra\u00e7\u00f5es, para faz\u00ea-lo mais \u00fatil e interessante, tanto para jovens como para adultos. O peregrino hoje \u00e9 a mais famosa alegoria do mundo. <br \/>\nO \u00fanico livro mais vendido do que O peregrino \u00e9 a B\u00edblia Sagrada. <br \/>\nEm vers\u00e3o ilustrada, a lend\u00e1ria narrativa de John Bunyan adquire novos contornos gra\u00e7as \u00e0 edi\u00e7\u00e3o revisada do texto e a escolha das ilustra\u00e7\u00f5es, inspirando o leitor a rever a pr\u00f3pria trajet\u00f3ria de vida enquanto acompanha a \u00e9pica saga do crist\u00e3o \u00e0 cidade celestial.<\/p>\n","protected":false},"excerpt":{"rendered":"<p>Um dos mais famosos livros do mundo, agora com 250 ilustra\u00e7\u00f5es, para faz\u00ea-lo mais \u00fatil e interessante, tanto para jovens&hellip;<\/p>\n","protected":false},"featured_media":328127,"comment_status":"open","ping_status":"closed","template":"","meta":[],"product_cat":[162,134],"product_tag":[],"_links":{"self":[{"href":"https:\/\/www.livrariarema.com.br\/loja\/wp-json\/wp\/v2\/product\/50009"}],"collection":[{"href":"https:\/\/www.livrariarema.com.br\/loja\/wp-json\/wp\/v2\/product"}],"about":[{"href":"https:\/\/www.livrariarema.com.br\/loja\/wp-json\/wp\/v2\/types\/product"}],"replies":[{"embeddable":true,"href":"https:\/\/www.livrariarema.com.br\/loja\/wp-json\/wp\/v2\/comments?post=50009"}],"wp:featuredmedia":[{"embeddable":true,"href":"https:\/\/www.livrariarema.com.br\/loja\/wp-json\/wp\/v2\/media\/328127"}],"wp:attachment":[{"href":"https:\/\/www.livrariarema.com.br\/loja\/wp-json\/wp\/v2\/media?parent=50009"}],"wp:term":[{"taxonomy":"product_cat","embeddable":true,"href":"https:\/\/www.livrariarema.com.br\/loja\/wp-json\/wp\/v2\/product_cat?post=50009"},{"taxonomy":"product_tag","embeddable":true,"href":"https:\/\/www.livrariarema.com.br\/loja\/wp-json\/wp\/v2\/product_tag?post=50009"}],"curies":[{"name":"wp","href":"https:\/\/api.w.org\/{rel}","templated":true}]}}