{"id":50093,"date":"2021-01-21T15:38:40","date_gmt":"2021-01-21T18:38:40","guid":{"rendered":"https:\/\/www.livrariarema.com.br\/loja\/produtos\/sem%20categoria\/serie-livros-da-biblia-gozo-no-espirito-santo-um-vislumbre-do-livro-de-ester-christian-chen\/"},"modified":"2026-05-06T12:01:28","modified_gmt":"2026-05-06T15:01:28","slug":"serie-livros-da-biblia-gozo-no-espirito-santo-um-vislumbre-do-livro-de-ester-christian-chen","status":"publish","type":"product","link":"https:\/\/www.livrariarema.com.br\/loja\/produtos\/livros\/estudo-biblico\/serie-livros-da-biblia-gozo-no-espirito-santo-um-vislumbre-do-livro-de-ester-christian-chen\/","title":{"rendered":"S\u00e9rie Livros Da B\u00edblia &#8211; O Gozo No Espirito Santo: Um Vislumbre Do Livro De Ester &#8211; Christian Chen"},"content":{"rendered":"<p>\u00c9 interessante observar que dentre todos os livros da B\u00edblia, apenas dois t\u00eam por t\u00edtulo nome de mulher: Rute e Ester. De maneira muito v\u00edvida, esses livros figuradamente ilustram grande riqueza a vida crist\u00e3. <br \/>\nNo livro de Ester, o Esp\u00edrito Santo descreve com perfei\u00e7\u00e3o a nossa experi\u00eancia no caminhar diante de Deus. Por exemplo, em Ham\u00e3 vemos a nossa carne e em Mordecai um tipo do Esp\u00edrito Santo.<br \/>\nNeste volume o autor nos ajuda a compreender por meio de um maravilhoso estudo do livro de Ester, como o Senhor conduz seus filhos a cada dia. \u00c0 medida em que essa empolgante hist\u00f3ria se descortina diante de nossos olhos, contemplamos a obra fiel do Esp\u00edrito Santo em nos levar passo a passo \u00e0 salva\u00e7\u00e3o, ao conhecimento da carne, ao aprendizado da obedi\u00eancia, \u00e0 liberta\u00e7\u00e3o, \u00e0 vit\u00f3ria em Cristo, ao gozo no Esp\u00edrito Santo e, por fim, ao reestabelecimento da ordem &#8220;esp\u00edrito-alma-corpo&#8221;, perdida desde o \u00c9den.<\/p>\n<p>Em outras palavras, essa \u00e9 a maneira que Deus, o Esp\u00edrito, nos conduz \u00e0 perfei\u00e7\u00e3o &#8211; \u00e0 medida da estatura da plenitude de Cristo. Assim como Mordecai tomou Ester como sua pr\u00f3pria filha, possa o Esp\u00edrito de ado\u00e7\u00e3o operar profundamente em nossas vidas para que &#8220;.Ele cres\u00e7a e eu diminua.&#8221; Jo 3:30.<\/p>\n","protected":false},"excerpt":{"rendered":"<p>\u00c9 interessante observar que dentre todos os livros da B\u00edblia, apenas dois t\u00eam por t\u00edtulo nome de mulher: Rute e&hellip;<\/p>\n","protected":false},"featured_media":347912,"comment_status":"open","ping_status":"closed","template":"","meta":[],"product_cat":[161,134],"product_tag":[],"_links":{"self":[{"href":"https:\/\/www.livrariarema.com.br\/loja\/wp-json\/wp\/v2\/product\/50093"}],"collection":[{"href":"https:\/\/www.livrariarema.com.br\/loja\/wp-json\/wp\/v2\/product"}],"about":[{"href":"https:\/\/www.livrariarema.com.br\/loja\/wp-json\/wp\/v2\/types\/product"}],"replies":[{"embeddable":true,"href":"https:\/\/www.livrariarema.com.br\/loja\/wp-json\/wp\/v2\/comments?post=50093"}],"wp:featuredmedia":[{"embeddable":true,"href":"https:\/\/www.livrariarema.com.br\/loja\/wp-json\/wp\/v2\/media\/347912"}],"wp:attachment":[{"href":"https:\/\/www.livrariarema.com.br\/loja\/wp-json\/wp\/v2\/media?parent=50093"}],"wp:term":[{"taxonomy":"product_cat","embeddable":true,"href":"https:\/\/www.livrariarema.com.br\/loja\/wp-json\/wp\/v2\/product_cat?post=50093"},{"taxonomy":"product_tag","embeddable":true,"href":"https:\/\/www.livrariarema.com.br\/loja\/wp-json\/wp\/v2\/product_tag?post=50093"}],"curies":[{"name":"wp","href":"https:\/\/api.w.org\/{rel}","templated":true}]}}