{"id":50097,"date":"2021-01-21T15:38:48","date_gmt":"2021-01-21T18:38:48","guid":{"rendered":"https:\/\/www.livrariarema.com.br\/loja\/produtos\/sem%20categoria\/havendo-deus-falado-vol-2-stephen-kaung\/"},"modified":"2026-04-14T10:20:31","modified_gmt":"2026-04-14T13:20:31","slug":"havendo-deus-falado-vol-2-stephen-kaung","status":"publish","type":"product","link":"https:\/\/www.livrariarema.com.br\/loja\/produtos\/livros\/estudo-biblico\/havendo-deus-falado-vol-2-stephen-kaung\/","title":{"rendered":"Havendo Deus Falado Vol. 2 &#8211; Stephen Kaung"},"content":{"rendered":"<p>Cristo, o amado Filho de Deus, \u00e9 o tema de tudo o que o Pai tem a dizer no Antigo e no Novo Testamentos. Se n\u00e3o virmos isso, a B\u00edblia ser\u00e1 para n\u00f3s apenas hist\u00f3ria, profecia, doutrina e poesia. Mas se Cristo for revelado, ent\u00e3o a Palavra ser\u00e1 descortinada diante de nossos olhos.<\/p>\n<p>Na s\u00e9rie Havendo Deus Falado, Stephen Kaung abre o Antigo Testamento com o objetivo de trazer ao leitor o pensamento central de Deus em cada um de seus 39 livros, de G\u00eanesis a Malaquias. Nesse volume, o segundo da s\u00e9rie, o autor compartilha sobre como Deus nos fala em 5 livros hist\u00f3ricos:<\/p>\n<p>&#8211; Josu\u00e9 fala sobre possuir Cana\u00e3;<\/p>\n<p>&#8211; Ju\u00edzes fala sobre a decad\u00eancia espiritual do povo;<\/p>\n<p>&#8211; Rute fala sobre o Resgate do prop\u00f3sito de Deus;<\/p>\n<p>&#8211; 1 e 2 Samuel falam da transforma\u00e7\u00e3o do povo em um reino de sacerdotes, em uma na\u00e7\u00e3o santa.<\/p>\n<p>Possamos ter nossos olhos abertos para, com a perspectiva do Pai, ouvirmos Aquele por meio de quem Deus tem nos falado hoje. &#8220;Havendo Deus, outrora, falado, muitas vezes e de muitas maneiras, aos pais, pelos profetas, nestes \u00faltimos dias, nos falou pelo Filho&#8230;&#8221; Hb 1:1,2a<\/p>\n","protected":false},"excerpt":{"rendered":"<p>Cristo, o amado Filho de Deus, \u00e9 o tema de tudo o que o Pai tem a dizer no Antigo&hellip;<\/p>\n","protected":false},"featured_media":346955,"comment_status":"open","ping_status":"closed","template":"","meta":[],"product_cat":[161,134],"product_tag":[],"_links":{"self":[{"href":"https:\/\/www.livrariarema.com.br\/loja\/wp-json\/wp\/v2\/product\/50097"}],"collection":[{"href":"https:\/\/www.livrariarema.com.br\/loja\/wp-json\/wp\/v2\/product"}],"about":[{"href":"https:\/\/www.livrariarema.com.br\/loja\/wp-json\/wp\/v2\/types\/product"}],"replies":[{"embeddable":true,"href":"https:\/\/www.livrariarema.com.br\/loja\/wp-json\/wp\/v2\/comments?post=50097"}],"wp:featuredmedia":[{"embeddable":true,"href":"https:\/\/www.livrariarema.com.br\/loja\/wp-json\/wp\/v2\/media\/346955"}],"wp:attachment":[{"href":"https:\/\/www.livrariarema.com.br\/loja\/wp-json\/wp\/v2\/media?parent=50097"}],"wp:term":[{"taxonomy":"product_cat","embeddable":true,"href":"https:\/\/www.livrariarema.com.br\/loja\/wp-json\/wp\/v2\/product_cat?post=50097"},{"taxonomy":"product_tag","embeddable":true,"href":"https:\/\/www.livrariarema.com.br\/loja\/wp-json\/wp\/v2\/product_tag?post=50097"}],"curies":[{"name":"wp","href":"https:\/\/api.w.org\/{rel}","templated":true}]}}