{"id":50109,"date":"2021-01-21T15:39:08","date_gmt":"2021-01-21T18:39:08","guid":{"rendered":"https:\/\/www.livrariarema.com.br\/loja\/produtos\/sem%20categoria\/liberacao-do-espirito-watchman-nee\/"},"modified":"2025-12-17T13:10:44","modified_gmt":"2025-12-17T16:10:44","slug":"liberacao-do-espirito-watchman-nee","status":"publish","type":"product","link":"https:\/\/www.livrariarema.com.br\/loja\/produtos\/livros\/crescimento-espiritual\/liberacao-do-espirito-watchman-nee\/","title":{"rendered":"Libera\u00e7\u00e3o Do Esp\u00edrito &#8211; Watchman Nee"},"content":{"rendered":"<p>&#8220;.e, quebrando o alabastro, derramou o b\u00e1lsamo.&#8221; (Mc 14:3). <br \/>\nNa presente hora, quando vemos o cen\u00e1rio religioso conturbado por sentimentos subjetivos e experi\u00eancias emocionais, \u00e9 de fundamental impor-t\u00e2ncia que cada um dos filhos de Deus conhe\u00e7a com grande firmeza a compo-si\u00e7\u00e3o de seu ser e a fun\u00e7\u00e3o de seu esp\u00edrito, alma e corpo. <br \/>\nPara aqueles que correm para o alvo da soberana voca-\u00e7\u00e3o de Deus em Cristo Jesus, essa ver-dade \u00e9 de grande import\u00e2ncia. v<br \/>\nNeste pequeno, mas precioso volume escrito pelo irm\u00e3o Nee, o autor fortemente recomenda a todos os servos de Cristo que aprendam uma li\u00e7\u00e3o muito fundamental em sua experi\u00eancia crist\u00e3, a saber, o quebrantamento do homem exterior para a libera\u00e7\u00e3o do esp\u00edrito interior. v<br \/>\nA obra que prov\u00e9m do esp\u00edrito \u00e9 realizada apenas por Deus, e somente por meio do quebrantamento do homem exterior pode o Esp\u00edrito Santo operar livremente.<br \/>\n O livre operar do Esp\u00edrito \u00e9 o maravilhoso resultado de uma batalha que se trava na alma. \u00c9 imperativo romper os poderes da alma, para que o esp\u00edrito humano expresse plenamente a vida do Senhor Jesus. <br \/>\nNeste livro, o leitor descobrir\u00e1 como a alma acha seu maior valor em servir, n\u00e3o em dominar. Contudo, a alma natural-mente deseja ser &#8220;senhor&#8221;, e somente pode tornar-se um &#8220;servo&#8221; \u00fatil pela obra da cruz. <br \/>\nQuando isso acontecer, poderemos, finalmente, dizer \u00e0 nossa alma: &#8220;Somente em Deus, \u00f3 minha alma, espera silenciosa&#8221; (Sl 62:5).<\/p>\n","protected":false},"excerpt":{"rendered":"<p>&#8220;.e, quebrando o alabastro, derramou o b\u00e1lsamo.&#8221; (Mc 14:3). Na presente hora, quando vemos o cen\u00e1rio religioso conturbado por sentimentos&hellip;<\/p>\n","protected":false},"featured_media":328990,"comment_status":"open","ping_status":"closed","template":"","meta":[],"product_cat":[147,134],"product_tag":[],"_links":{"self":[{"href":"https:\/\/www.livrariarema.com.br\/loja\/wp-json\/wp\/v2\/product\/50109"}],"collection":[{"href":"https:\/\/www.livrariarema.com.br\/loja\/wp-json\/wp\/v2\/product"}],"about":[{"href":"https:\/\/www.livrariarema.com.br\/loja\/wp-json\/wp\/v2\/types\/product"}],"replies":[{"embeddable":true,"href":"https:\/\/www.livrariarema.com.br\/loja\/wp-json\/wp\/v2\/comments?post=50109"}],"wp:featuredmedia":[{"embeddable":true,"href":"https:\/\/www.livrariarema.com.br\/loja\/wp-json\/wp\/v2\/media\/328990"}],"wp:attachment":[{"href":"https:\/\/www.livrariarema.com.br\/loja\/wp-json\/wp\/v2\/media?parent=50109"}],"wp:term":[{"taxonomy":"product_cat","embeddable":true,"href":"https:\/\/www.livrariarema.com.br\/loja\/wp-json\/wp\/v2\/product_cat?post=50109"},{"taxonomy":"product_tag","embeddable":true,"href":"https:\/\/www.livrariarema.com.br\/loja\/wp-json\/wp\/v2\/product_tag?post=50109"}],"curies":[{"name":"wp","href":"https:\/\/api.w.org\/{rel}","templated":true}]}}