{"id":50112,"date":"2021-01-21T15:39:17","date_gmt":"2021-01-21T18:39:17","guid":{"rendered":"https:\/\/www.livrariarema.com.br\/loja\/produtos\/sem%20categoria\/permanecei-em-cristo-andrew-murray\/"},"modified":"2026-04-13T12:52:29","modified_gmt":"2026-04-13T15:52:29","slug":"permanecei-em-cristo-andrew-murray","status":"publish","type":"product","link":"https:\/\/www.livrariarema.com.br\/loja\/produtos\/livros\/crescimento-espiritual\/permanecei-em-cristo-andrew-murray\/","title":{"rendered":"Permanecei Em Cristo &#8211; Andrew Murray"},"content":{"rendered":"<p>Durante a vida do Senhor sobre a terra, a palavra que Ele mais utilizou ao falar da rela\u00e7\u00e3o dos disc\u00edpulos consigo foi: &#8220;segue-me&#8221;. <br \/>\nPouco antes de ser assunto ao c\u00e9u, Ele lhes deu uma nova palavra que deveria expressar, de maneira mais \u00edntima e espiritual, a uni\u00e3o em gl\u00f3ria que passariam a experimentar. <br \/>\nEssa palavra escolhida foi: &#8220;Permanecei em mim&#8221;. Com tais palavras, o Senhor chamava Seus disc\u00edpulos a uma intensa uni\u00e3o; a uma \u00edntima comunh\u00e3o e a uma maravilhosa unidade de vida e de interesses. <br \/>\nNo pref\u00e1cio deste livro, o autor argumenta que se a verdade sobre o permanecer em Cristo e tudo o que isso significa no dia-a-dia fosse pregado com a mesma clareza e urg\u00eancia que a expia\u00e7\u00e3o e o perd\u00e3o por meio do precioso e bendito sangue do Cordeiro, muitos aceitariam alegremente o convite para tal modo de vida. <br \/>\nA influ\u00eancia dessa atitude seria manifesta na experi\u00eancia dessas pessoas por meio de pureza, poder, amor, alegria, muitos frutos e toda sorte de b\u00ean\u00e7\u00e3o que o Salvador associou com o permanecer nEle. O presente livro consiste de medita\u00e7\u00f5es sobre a par\u00e1bola da Videira e \u00e9 publicado com o desejo de ajudar \u00e0queles que ainda n\u00e3o compreenderam plenamente o significado da ordem: &#8220;Permanecei em mim&#8221;, bem como \u00e0queles que pensam que se trata de uma vida que n\u00e3o pode ser alcan\u00e7ada. Somente permanecendo no Senhor, minuto a minuto, \u00e9 que poderemos experimentar o progresso de uma vida frut\u00edfera nEle:<\/p>\n<p>&#8220;Todo ramo que, estando em mim, (.) d\u00e1 fruto [Ele o] limpa, para que produza mais fruto ainda (.) Quem permanece em mim, e eu, nele, essa d\u00e1 muito fruto&#8221; (Jo 15:2b,5b).<\/p>\n","protected":false},"excerpt":{"rendered":"<p>Durante a vida do Senhor sobre a terra, a palavra que Ele mais utilizou ao falar da rela\u00e7\u00e3o dos disc\u00edpulos&hellip;<\/p>\n","protected":false},"featured_media":346960,"comment_status":"open","ping_status":"closed","template":"","meta":[],"product_cat":[147,134],"product_tag":[],"_links":{"self":[{"href":"https:\/\/www.livrariarema.com.br\/loja\/wp-json\/wp\/v2\/product\/50112"}],"collection":[{"href":"https:\/\/www.livrariarema.com.br\/loja\/wp-json\/wp\/v2\/product"}],"about":[{"href":"https:\/\/www.livrariarema.com.br\/loja\/wp-json\/wp\/v2\/types\/product"}],"replies":[{"embeddable":true,"href":"https:\/\/www.livrariarema.com.br\/loja\/wp-json\/wp\/v2\/comments?post=50112"}],"wp:featuredmedia":[{"embeddable":true,"href":"https:\/\/www.livrariarema.com.br\/loja\/wp-json\/wp\/v2\/media\/346960"}],"wp:attachment":[{"href":"https:\/\/www.livrariarema.com.br\/loja\/wp-json\/wp\/v2\/media?parent=50112"}],"wp:term":[{"taxonomy":"product_cat","embeddable":true,"href":"https:\/\/www.livrariarema.com.br\/loja\/wp-json\/wp\/v2\/product_cat?post=50112"},{"taxonomy":"product_tag","embeddable":true,"href":"https:\/\/www.livrariarema.com.br\/loja\/wp-json\/wp\/v2\/product_tag?post=50112"}],"curies":[{"name":"wp","href":"https:\/\/api.w.org\/{rel}","templated":true}]}}