{"id":50172,"date":"2021-01-21T15:48:31","date_gmt":"2021-01-21T18:48:31","guid":{"rendered":"https:\/\/www.livrariarema.com.br\/loja\/produtos\/sem%20categoria\/quem-e-quem-na-biblia-sagrada-brochura-paul-gardner\/"},"modified":"2026-03-07T14:08:04","modified_gmt":"2026-03-07T17:08:04","slug":"quem-e-quem-na-biblia-sagrada-brochura-paul-gardner","status":"publish","type":"product","link":"https:\/\/www.livrariarema.com.br\/loja\/produtos\/livros\/teologia\/quem-e-quem-na-biblia-sagrada-brochura-paul-gardner\/","title":{"rendered":"Quem \u00c9 Quem Na B\u00edblia Sagrada &#8211; Brochura &#8211; Paul Gardner"},"content":{"rendered":"<p>Quem \u00e9 quem na B\u00edblia Sagrada \u00e9 uma completa enciclop\u00e9dia de personagens b\u00edblicas e assuntos de antropologia geral. Produzida por uma equipe de renomados estudiosos e biblistas, esta obra cont\u00e9m:<\/p>\n<p>&#8211; Mais de duas mil refer\u00eancias em ordem alfab\u00e9tica de todas as personagens citadas na B\u00edblia.<\/p>\n<p>&#8211; Um formato que possibilita r\u00e1pida consulta sobre a vida e a obra dos grandes nomes b\u00edblicos.<\/p>\n<p>&#8211; Informa\u00e7\u00f5es relevantes e substanciais para cada verbete apresentado.<\/p>\n<p>&#8211; Artigos amplos e significativos sobre as principais personagens, como: Jesus, Abra\u00e3o, Mois\u00e9s, Samuel, Davi, Paulo e outros.<\/p>\n<p>&#8211; Verbetes sobre temas gerais, como: anjos, ap\u00f3stolos, genealogias, alian\u00e7as e muitos outros.<\/p>\n<p>Este livro \u00e9 uma ferramenta de estudo e pesquisa que n\u00e3o pode faltar na biblioteca do estudioso das Sagradas Escrituras.<\/p>\n","protected":false},"excerpt":{"rendered":"<p>Quem \u00e9 quem na B\u00edblia Sagrada \u00e9 uma completa enciclop\u00e9dia de personagens b\u00edblicas e assuntos de antropologia geral. Produzida por&hellip;<\/p>\n","protected":false},"featured_media":345946,"comment_status":"open","ping_status":"closed","template":"","meta":[],"product_cat":[134,136],"product_tag":[],"_links":{"self":[{"href":"https:\/\/www.livrariarema.com.br\/loja\/wp-json\/wp\/v2\/product\/50172"}],"collection":[{"href":"https:\/\/www.livrariarema.com.br\/loja\/wp-json\/wp\/v2\/product"}],"about":[{"href":"https:\/\/www.livrariarema.com.br\/loja\/wp-json\/wp\/v2\/types\/product"}],"replies":[{"embeddable":true,"href":"https:\/\/www.livrariarema.com.br\/loja\/wp-json\/wp\/v2\/comments?post=50172"}],"wp:featuredmedia":[{"embeddable":true,"href":"https:\/\/www.livrariarema.com.br\/loja\/wp-json\/wp\/v2\/media\/345946"}],"wp:attachment":[{"href":"https:\/\/www.livrariarema.com.br\/loja\/wp-json\/wp\/v2\/media?parent=50172"}],"wp:term":[{"taxonomy":"product_cat","embeddable":true,"href":"https:\/\/www.livrariarema.com.br\/loja\/wp-json\/wp\/v2\/product_cat?post=50172"},{"taxonomy":"product_tag","embeddable":true,"href":"https:\/\/www.livrariarema.com.br\/loja\/wp-json\/wp\/v2\/product_tag?post=50172"}],"curies":[{"name":"wp","href":"https:\/\/api.w.org\/{rel}","templated":true}]}}