{"id":50183,"date":"2021-01-21T15:48:49","date_gmt":"2021-01-21T18:48:49","guid":{"rendered":"https:\/\/www.livrariarema.com.br\/loja\/produtos\/sem%20categoria\/caminhada-com-propositos-para-mulheres-katie-brazelton\/"},"modified":"2026-03-10T14:30:54","modified_gmt":"2026-03-10T17:30:54","slug":"caminhada-com-propositos-para-mulheres-katie-brazelton","status":"publish","type":"product","link":"https:\/\/www.livrariarema.com.br\/loja\/produtos\/livros\/mulher\/caminhada-com-propositos-para-mulheres-katie-brazelton\/","title":{"rendered":"Caminhada Com Prop\u00f3sitos Para Mulheres &#8211; Katie Brazelton"},"content":{"rendered":"<p>Este livro singular ir\u00e1 ajud\u00e1-la a descobrir o maravilhoso prop\u00f3sito de Deus para sua vida. Voc\u00ea ver\u00e1 como o Pai amoroso a criou de forma \u00fanica e usa as experi\u00eancias de sua vida a fim de prepar\u00e1-la para um chamado espec\u00edfico. <br \/>Uma obra inspiradora que mostra de que forma as tarefas rotineiras, os anseios e as experi\u00eancias de cada mulher contribuem para seu crescimento espiritual. <br \/>Enriquecido com v\u00e1rios relatos de mulheres que tiveram sua vida transformada pela aplica\u00e7\u00e3o dos princ\u00edpios b\u00edblicos, Caminhada com prop\u00f3sitos para mulheres conduzir\u00e1 voc\u00ea a uma emocionante jornada rumo a tornar-se a mulher que Deus deseja!<\/p>\n","protected":false},"excerpt":{"rendered":"<p>Este livro singular ir\u00e1 ajud\u00e1-la a descobrir o maravilhoso prop\u00f3sito de Deus para sua vida. Voc\u00ea ver\u00e1 como o Pai&hellip;<\/p>\n","protected":false},"featured_media":330782,"comment_status":"open","ping_status":"closed","template":"","meta":[],"product_cat":[134,170],"product_tag":[],"_links":{"self":[{"href":"https:\/\/www.livrariarema.com.br\/loja\/wp-json\/wp\/v2\/product\/50183"}],"collection":[{"href":"https:\/\/www.livrariarema.com.br\/loja\/wp-json\/wp\/v2\/product"}],"about":[{"href":"https:\/\/www.livrariarema.com.br\/loja\/wp-json\/wp\/v2\/types\/product"}],"replies":[{"embeddable":true,"href":"https:\/\/www.livrariarema.com.br\/loja\/wp-json\/wp\/v2\/comments?post=50183"}],"wp:featuredmedia":[{"embeddable":true,"href":"https:\/\/www.livrariarema.com.br\/loja\/wp-json\/wp\/v2\/media\/330782"}],"wp:attachment":[{"href":"https:\/\/www.livrariarema.com.br\/loja\/wp-json\/wp\/v2\/media?parent=50183"}],"wp:term":[{"taxonomy":"product_cat","embeddable":true,"href":"https:\/\/www.livrariarema.com.br\/loja\/wp-json\/wp\/v2\/product_cat?post=50183"},{"taxonomy":"product_tag","embeddable":true,"href":"https:\/\/www.livrariarema.com.br\/loja\/wp-json\/wp\/v2\/product_tag?post=50183"}],"curies":[{"name":"wp","href":"https:\/\/api.w.org\/{rel}","templated":true}]}}