{"id":50349,"date":"2021-01-21T15:53:48","date_gmt":"2021-01-21T18:53:48","guid":{"rendered":"https:\/\/www.livrariarema.com.br\/loja\/produtos\/sem%20categoria\/52-maneiras-de-incentivar-a-leitura-da-biblia-nancy-s-williamson\/"},"modified":"2026-02-20T13:47:17","modified_gmt":"2026-02-20T16:47:17","slug":"52-maneiras-de-incentivar-a-leitura-da-biblia-nancy-s-williamson","status":"publish","type":"product","link":"https:\/\/www.livrariarema.com.br\/loja\/produtos\/livros\/didatico\/52-maneiras-de-incentivar-a-leitura-da-biblia-nancy-s-williamson\/","title":{"rendered":"52 Maneiras De Incentivar A Leitura Da B\u00edblia &#8211; Nancy S. Williamson"},"content":{"rendered":"<p>Atividades simples para crian\u00e7as de 3 a 12 anos<\/p>\n<p>Nesta \u00e9poca de fam\u00edlias desfeitas, as crian\u00e7as precisam ter certeza de que existe Algu\u00e9m que se importa com elas e que \u00e9 mais amigo que um irm\u00e3o.<\/p>\n<p>Precisam saber que Deus est\u00e1 interessado nelas. Precisam conhecer a bondade, o poder e a gra\u00e7a de Deus. As crian\u00e7as ficam sabendo disso atrav\u00e9s da B\u00edblia.<\/p>\n<p>A estrat\u00e9gia das atividades de 52 Maneiras de Incentivar a Leitura da Biblia \u00e9 envolver os participantes no estudo da Palavra de Deus.<\/p>\n<p>O prop\u00f3sito \u00e9 fazer com que os alunos conhe\u00e7am e ponham em pr\u00e1tica a vontade de Deus para eles e os outros.<\/p>\n<p>Os jogos, quebra-cabe\u00e7as, trabalhos manuais, cartazes, guias de estudos e outras coisas ensinar\u00e3o as crian\u00e7as a buscar dire\u00e7\u00e3o na B\u00edblia.<\/p>\n<p>O objetivo de 52 Maneiras de Incentivar a Leitura da Biblia n\u00e3o \u00e9 apenas mostrar que a B\u00edblia \u00e9 um registro das coisas que Deus fez para seu povo, h\u00e1 muito tempo, mas que tamb\u00e9m \u00e9 a Palavra do Deus vivo, capaz de transformar vidas hoje e de levar crian\u00e7as a aceitar Jesus como Salvador.<\/p>\n","protected":false},"excerpt":{"rendered":"<p>Atividades simples para crian\u00e7as de 3 a 12 anos Nesta \u00e9poca de fam\u00edlias desfeitas, as crian\u00e7as precisam ter certeza de&hellip;<\/p>\n","protected":false},"featured_media":345138,"comment_status":"open","ping_status":"closed","template":"","meta":[],"product_cat":[185,134],"product_tag":[],"_links":{"self":[{"href":"https:\/\/www.livrariarema.com.br\/loja\/wp-json\/wp\/v2\/product\/50349"}],"collection":[{"href":"https:\/\/www.livrariarema.com.br\/loja\/wp-json\/wp\/v2\/product"}],"about":[{"href":"https:\/\/www.livrariarema.com.br\/loja\/wp-json\/wp\/v2\/types\/product"}],"replies":[{"embeddable":true,"href":"https:\/\/www.livrariarema.com.br\/loja\/wp-json\/wp\/v2\/comments?post=50349"}],"wp:featuredmedia":[{"embeddable":true,"href":"https:\/\/www.livrariarema.com.br\/loja\/wp-json\/wp\/v2\/media\/345138"}],"wp:attachment":[{"href":"https:\/\/www.livrariarema.com.br\/loja\/wp-json\/wp\/v2\/media?parent=50349"}],"wp:term":[{"taxonomy":"product_cat","embeddable":true,"href":"https:\/\/www.livrariarema.com.br\/loja\/wp-json\/wp\/v2\/product_cat?post=50349"},{"taxonomy":"product_tag","embeddable":true,"href":"https:\/\/www.livrariarema.com.br\/loja\/wp-json\/wp\/v2\/product_tag?post=50349"}],"curies":[{"name":"wp","href":"https:\/\/api.w.org\/{rel}","templated":true}]}}