{"id":50433,"date":"2021-01-21T15:57:51","date_gmt":"2021-01-21T18:57:51","guid":{"rendered":"https:\/\/www.livrariarema.com.br\/loja\/produtos\/sem%20categoria\/cruz-de-cristo-a-john-stott\/"},"modified":"2026-03-13T15:12:47","modified_gmt":"2026-03-13T18:12:47","slug":"cruz-de-cristo-a-john-stott","status":"publish","type":"product","link":"https:\/\/www.livrariarema.com.br\/loja\/produtos\/livros\/crescimento-espiritual\/cruz-de-cristo-a-john-stott\/","title":{"rendered":"Cruz De Cristo, A &#8211; John Stott"},"content":{"rendered":"<p>O s\u00edmbolo universal da f\u00e9 crist\u00e3 n\u00e3o \u00e9 a manjedoura, mas a cruz. Mesmo assim, muitos crist\u00e3os n\u00e3o entendem o significado da cruz nem o motivo por que Cristo precisou morrer. O te\u00f3logo John Stott apresenta respostas a quest\u00f5es inquietantes ao analisar:<\/p>\n<p>&#8211; a cruz como o pr\u00f3prio Senhor Jesus a entendia, \u00e0 luz dos Evangelhos;<br \/>\n&#8211; a profundidade da express\u00e3o &#8220;Cristo em nosso lugar&#8221;; <br \/>\n&#8211; o feito realizado pela cruz; <br \/>\n&#8211; o que significa viver submetido \u00e0 cruz de Cristo. <\/p>\n<p>Stott deixa claro que ap\u00f3s essa compreens\u00e3o, o homem sente a necessidade de ter um relacionamento \u00edntimo com Deus marcado pela adora\u00e7\u00e3o. Considerada um cl\u00e1ssico moderno, esta obra combina exposi\u00e7\u00e3o b\u00edblica excelente, estudo criterioso da f\u00e9 crist\u00e3 e o chamado urgente para uma vida ao p\u00e9 da cruz.<\/p>\n","protected":false},"excerpt":{"rendered":"<p>O s\u00edmbolo universal da f\u00e9 crist\u00e3 n\u00e3o \u00e9 a manjedoura, mas a cruz. Mesmo assim, muitos crist\u00e3os n\u00e3o entendem o&hellip;<\/p>\n","protected":false},"featured_media":339196,"comment_status":"open","ping_status":"closed","template":"","meta":[],"product_cat":[147,134],"product_tag":[],"_links":{"self":[{"href":"https:\/\/www.livrariarema.com.br\/loja\/wp-json\/wp\/v2\/product\/50433"}],"collection":[{"href":"https:\/\/www.livrariarema.com.br\/loja\/wp-json\/wp\/v2\/product"}],"about":[{"href":"https:\/\/www.livrariarema.com.br\/loja\/wp-json\/wp\/v2\/types\/product"}],"replies":[{"embeddable":true,"href":"https:\/\/www.livrariarema.com.br\/loja\/wp-json\/wp\/v2\/comments?post=50433"}],"wp:featuredmedia":[{"embeddable":true,"href":"https:\/\/www.livrariarema.com.br\/loja\/wp-json\/wp\/v2\/media\/339196"}],"wp:attachment":[{"href":"https:\/\/www.livrariarema.com.br\/loja\/wp-json\/wp\/v2\/media?parent=50433"}],"wp:term":[{"taxonomy":"product_cat","embeddable":true,"href":"https:\/\/www.livrariarema.com.br\/loja\/wp-json\/wp\/v2\/product_cat?post=50433"},{"taxonomy":"product_tag","embeddable":true,"href":"https:\/\/www.livrariarema.com.br\/loja\/wp-json\/wp\/v2\/product_tag?post=50433"}],"curies":[{"name":"wp","href":"https:\/\/api.w.org\/{rel}","templated":true}]}}