{"id":50441,"date":"2021-01-21T15:58:01","date_gmt":"2021-01-21T18:58:01","guid":{"rendered":"https:\/\/www.livrariarema.com.br\/loja\/produtos\/sem%20categoria\/formacao-de-um-discipulo-a-keith-phillips\/"},"modified":"2026-04-28T16:20:54","modified_gmt":"2026-04-28T19:20:54","slug":"formacao-de-um-discipulo-a-keith-phillips","status":"publish","type":"product","link":"https:\/\/www.livrariarema.com.br\/loja\/produtos\/livros\/discipulado\/formacao-de-um-discipulo-a-keith-phillips\/","title":{"rendered":"Forma\u00e7\u00e3o De Um Disc\u00edpulo, A &#8211; Keith Phillips"},"content":{"rendered":"<p>Quando Jesus cumpriu sua miss\u00e3o entre os homens, ele se fez servo de todos, curando os doentes, cuidando dos abatidos e pregando o evangelho \u00e0s multid\u00f5es. Em tudo isso, concentrou-se na tarefa de fazer disc\u00edpulos &#8211; pessoas que aprendessem dele e seguissem seus passos. Ap\u00f3s sua morte e ressurrei\u00e7\u00e3o, antes de subir ao c\u00e9u, disse a seus seguidores: &#8220;v\u00e3o e fa\u00e7am disc\u00edpulos de todas as na\u00e7\u00f5es&#8221;. <\/p>\n<p>A forma\u00e7\u00e3o de um disc\u00edpulo o levar\u00e1 ao padr\u00e3o de compromisso estabelecido por Jesus para que voc\u00ea reproduza esse mesmo padr\u00e3o na vida de outros disc\u00edpulos. Com uma abordagem pr\u00e1tica e progressiva, dr. Phillips descreve o discipulado como um relacionamento duradouro e pessoal, assim planejado pelo Mestre.<br \/>\nO chamado para participar dessa tarefa n\u00e3o \u00e9 um dom especial, mas sim uma ordem a obedecer; \u00e9, na verdade, uma aventura \u00edmpar que todos os disc\u00edpulos de Cristo devem experimentar! <\/p>\n<p>KEITH PHILLIPS \u00e9 presidente da World Impact, organiza\u00e7\u00e3o dedicada a miss\u00f5es urbanas nas periferias dos Estados Unidos da Am\u00e9rica. Bacharel em Artes pela University of California (UCLA); mestre em Divindade e doutor em Minist\u00e9rio pelo Fuller Theological Seminary; doutor em Letras pela John Brown University e tamb\u00e9m pelo Sterling College. H\u00e1 quarenta e dois anos Keith Phillips cuida de pessoas, de origens e situa\u00e7\u00f5es de pobreza das mais diversas.<\/p>\n","protected":false},"excerpt":{"rendered":"<p>Quando Jesus cumpriu sua miss\u00e3o entre os homens, ele se fez servo de todos, curando os doentes, cuidando dos abatidos&hellip;<\/p>\n","protected":false},"featured_media":345944,"comment_status":"open","ping_status":"closed","template":"","meta":[],"product_cat":[168,134],"product_tag":[],"_links":{"self":[{"href":"https:\/\/www.livrariarema.com.br\/loja\/wp-json\/wp\/v2\/product\/50441"}],"collection":[{"href":"https:\/\/www.livrariarema.com.br\/loja\/wp-json\/wp\/v2\/product"}],"about":[{"href":"https:\/\/www.livrariarema.com.br\/loja\/wp-json\/wp\/v2\/types\/product"}],"replies":[{"embeddable":true,"href":"https:\/\/www.livrariarema.com.br\/loja\/wp-json\/wp\/v2\/comments?post=50441"}],"wp:featuredmedia":[{"embeddable":true,"href":"https:\/\/www.livrariarema.com.br\/loja\/wp-json\/wp\/v2\/media\/345944"}],"wp:attachment":[{"href":"https:\/\/www.livrariarema.com.br\/loja\/wp-json\/wp\/v2\/media?parent=50441"}],"wp:term":[{"taxonomy":"product_cat","embeddable":true,"href":"https:\/\/www.livrariarema.com.br\/loja\/wp-json\/wp\/v2\/product_cat?post=50441"},{"taxonomy":"product_tag","embeddable":true,"href":"https:\/\/www.livrariarema.com.br\/loja\/wp-json\/wp\/v2\/product_tag?post=50441"}],"curies":[{"name":"wp","href":"https:\/\/api.w.org\/{rel}","templated":true}]}}