{"id":50502,"date":"2021-01-21T15:59:49","date_gmt":"2021-01-21T18:59:49","guid":{"rendered":"https:\/\/www.livrariarema.com.br\/loja\/produtos\/sem%20categoria\/lideranca-corajosa-bill-hybels\/"},"modified":"2026-02-11T16:51:08","modified_gmt":"2026-02-11T19:51:08","slug":"lideranca-corajosa-bill-hybels","status":"publish","type":"product","link":"https:\/\/www.livrariarema.com.br\/loja\/produtos\/livros\/lideranca\/lideranca-corajosa-bill-hybels\/","title":{"rendered":"Lideran\u00e7a Corajosa &#8211; Bill Hybels"},"content":{"rendered":"<p>L\u00edderes que atuam em 360 graus n\u00e3o direcionam seu dom de lideran\u00e7a somente para o sul, \u00e0s pessoas sob seus cuidados. Eles aprendem a liderar em todas as dire\u00e7\u00f5es, influenciando os que possuem autoridade sobre eles ao contagiar seus pares. O mais importante, por\u00e9m, \u00e9 que aprendem a manter a agulha da b\u00fassola centrada, liderando a si mesmos e mantendo a pr\u00f3pria vida em harmonia. <br \/>\nAssim, podem oferecer aos outros a melhor lideran\u00e7a poss\u00edvel. No mais surpreendente livro que j\u00e1 escreveu, Bill Hybels compartilha o que aprendeu sobre lideran\u00e7a crist\u00e3 nos quase 30 anos em que lidera a Willow Creek. <br \/>\nLideran\u00e7a corajosa \u00e9 um presente para voc\u00ea, l\u00edder de igreja local, pois, como Bill Hybels declara, a igreja local \u00e9 a esperan\u00e7a do mundo, e o futuro dela reside essencialmente nas m\u00e3os de seus l\u00edderes.<\/p>\n","protected":false},"excerpt":{"rendered":"<p>L\u00edderes que atuam em 360 graus n\u00e3o direcionam seu dom de lideran\u00e7a somente para o sul, \u00e0s pessoas sob seus&hellip;<\/p>\n","protected":false},"featured_media":333916,"comment_status":"open","ping_status":"closed","template":"","meta":[],"product_cat":[153,134],"product_tag":[],"_links":{"self":[{"href":"https:\/\/www.livrariarema.com.br\/loja\/wp-json\/wp\/v2\/product\/50502"}],"collection":[{"href":"https:\/\/www.livrariarema.com.br\/loja\/wp-json\/wp\/v2\/product"}],"about":[{"href":"https:\/\/www.livrariarema.com.br\/loja\/wp-json\/wp\/v2\/types\/product"}],"replies":[{"embeddable":true,"href":"https:\/\/www.livrariarema.com.br\/loja\/wp-json\/wp\/v2\/comments?post=50502"}],"wp:featuredmedia":[{"embeddable":true,"href":"https:\/\/www.livrariarema.com.br\/loja\/wp-json\/wp\/v2\/media\/333916"}],"wp:attachment":[{"href":"https:\/\/www.livrariarema.com.br\/loja\/wp-json\/wp\/v2\/media?parent=50502"}],"wp:term":[{"taxonomy":"product_cat","embeddable":true,"href":"https:\/\/www.livrariarema.com.br\/loja\/wp-json\/wp\/v2\/product_cat?post=50502"},{"taxonomy":"product_tag","embeddable":true,"href":"https:\/\/www.livrariarema.com.br\/loja\/wp-json\/wp\/v2\/product_tag?post=50502"}],"curies":[{"name":"wp","href":"https:\/\/api.w.org\/{rel}","templated":true}]}}