{"id":50595,"date":"2021-01-21T16:03:03","date_gmt":"2021-01-21T19:03:03","guid":{"rendered":"https:\/\/www.livrariarema.com.br\/loja\/produtos\/sem%20categoria\/mulheres-que-amaram-a-deus-elizabeth-george\/"},"modified":"2026-03-13T16:45:53","modified_gmt":"2026-03-13T19:45:53","slug":"mulheres-que-amaram-a-deus-elizabeth-george","status":"publish","type":"product","link":"https:\/\/www.livrariarema.com.br\/loja\/produtos\/livros\/mulher\/mulheres-que-amaram-a-deus-elizabeth-george\/","title":{"rendered":"Mulheres Que Amaram A Deus &#8211; Elizabeth George"},"content":{"rendered":"<p>Nos tempos b\u00edblicos, eram destinados \u00e0s mulheres apenas os pap\u00e9is secund\u00e1rios na sociedade. At\u00e9 entre os israelitas, povo dotado de uma legisla\u00e7\u00e3o avan\u00e7ada para a \u00e9poca, caracterizada por um maior senso de dignidade em rela\u00e7\u00e3o ao g\u00eanero feminino com base nas leis mosaicas, o sistema patriarcal dava pouco espa\u00e7o \u00e0 mulher.<\/p>\n<p>Contudo, mesmo naquele ambiente desestimulante, diversas mulheres se destacaram por sua coragem, determina\u00e7\u00e3o, car\u00e1ter e f\u00e9. Mulheres que fizeram de suas vidas magn\u00edficas biografias legadas \u00e0 posteridade, e que ainda hoje s\u00e3o preciosas para mulheres igualmente especiais. Mulheres que Amaram a Deus \u00e9 uma magn\u00edfica edi\u00e7\u00e3o de textos inspirativos baseados em tudo que as hero\u00ednas do passado viveram, sentiram, escreveram e cantaram.<\/p>\n<p>Gente como D\u00e9bora, l\u00edder nacional que fez de sua sensibilidade o esteio de seu povo em momento de grande conturba\u00e7\u00e3o social, ou Ana, cuja determina\u00e7\u00e3o em ter um filho levou-a a atos de grande coragem. Outras, como Sara e Rebeca, viveram em tempos de grandes dificuldades e mesmo assim n\u00e3o abriram m\u00e3o de seu papel na forma\u00e7\u00e3o de fam\u00edlias que originariam uma grande na\u00e7\u00e3o. At\u00e9 mesmo Raabe, uma prostituta de Jeric\u00f3, encontrou seu lugar na hist\u00f3ria pela lealdade e nobreza que demonstrou em um momento vital. Que dizer ent\u00e3o de Maria, aquela de cujo ventre nasceu aquele que mudaria o rumo da hist\u00f3ria da humanidade, Jesus Cristo? S\u00e3o os atos e os fatos da vida dessas mulheres e muitas outras, inclusive algumas das quais sequer sabemos o nome, que outra mulher, Elizabeth George, usa como base para suas reflex\u00f5es.<\/p>\n<p>S\u00e3o 365 ao todo, uma para cada dia do ano, falando sobre amor, dignidade, esperan\u00e7a, conforto, supera\u00e7\u00e3o, perd\u00e3o, sabedoria e generosidade, entre tantos outros elementos do universo feminino. A cada texto, a leitora \u00e9 estimulada a identificar na pr\u00f3pria alma caracter\u00edsticas que tornaram a trajet\u00f3ria daquelas mulheres do passado relevantes a ponto de servirem como exemplo de vida ainda hoje, tantos s\u00e9culos depois.<\/p>\n","protected":false},"excerpt":{"rendered":"<p>Nos tempos b\u00edblicos, eram destinados \u00e0s mulheres apenas os pap\u00e9is secund\u00e1rios na sociedade. At\u00e9 entre os israelitas, povo dotado de&hellip;<\/p>\n","protected":false},"featured_media":346071,"comment_status":"open","ping_status":"closed","template":"","meta":[],"product_cat":[134,170],"product_tag":[],"_links":{"self":[{"href":"https:\/\/www.livrariarema.com.br\/loja\/wp-json\/wp\/v2\/product\/50595"}],"collection":[{"href":"https:\/\/www.livrariarema.com.br\/loja\/wp-json\/wp\/v2\/product"}],"about":[{"href":"https:\/\/www.livrariarema.com.br\/loja\/wp-json\/wp\/v2\/types\/product"}],"replies":[{"embeddable":true,"href":"https:\/\/www.livrariarema.com.br\/loja\/wp-json\/wp\/v2\/comments?post=50595"}],"wp:featuredmedia":[{"embeddable":true,"href":"https:\/\/www.livrariarema.com.br\/loja\/wp-json\/wp\/v2\/media\/346071"}],"wp:attachment":[{"href":"https:\/\/www.livrariarema.com.br\/loja\/wp-json\/wp\/v2\/media?parent=50595"}],"wp:term":[{"taxonomy":"product_cat","embeddable":true,"href":"https:\/\/www.livrariarema.com.br\/loja\/wp-json\/wp\/v2\/product_cat?post=50595"},{"taxonomy":"product_tag","embeddable":true,"href":"https:\/\/www.livrariarema.com.br\/loja\/wp-json\/wp\/v2\/product_tag?post=50595"}],"curies":[{"name":"wp","href":"https:\/\/api.w.org\/{rel}","templated":true}]}}