{"id":50701,"date":"2021-01-21T16:06:11","date_gmt":"2021-01-21T19:06:11","guid":{"rendered":"https:\/\/www.livrariarema.com.br\/loja\/produtos\/sem%20categoria\/homem-do-ceu-o-irmao-yun-e-paul-hattaway\/"},"modified":"2026-04-28T12:54:00","modified_gmt":"2026-04-28T15:54:00","slug":"homem-do-ceu-o-irmao-yun-e-paul-hattaway","status":"publish","type":"product","link":"https:\/\/www.livrariarema.com.br\/loja\/produtos\/livros\/biografia\/homem-do-ceu-o-irmao-yun-e-paul-hattaway\/","title":{"rendered":"Homem Do C\u00e9u, O &#8211; Irm\u00e3o Yun E Paul Hattaway"},"content":{"rendered":"<p>&#8220;N\u00e3o s\u00e3o os grandes homens que transformam o mundo, mas sim os fracos, nas m\u00e3os de um grande Deus.&#8221;<\/p>\n<p>&#8220;O Homem do C\u00e9u&#8221; \u00e9 a hist\u00f3ria real do Irm\u00e3o Yun. Esse homem simples, que nasceu em uma vila rural da China, teve um encontro com Jesus depois que seu pai foi curado milagrosamente de um c\u00e2ncer. Yun entregou sua vida ao Senhor e dedicou-se a servi-lo com todas as suas for\u00e7as, vindo a tornar-se anos mais tarde um dos l\u00edderes da igreja dom\u00e9stica da China.<\/p>\n<p>Ler este livro \u00e9 como ler uma vers\u00e3o atual de Atos dos Ap\u00f3stolos. O testemunho do Irm\u00e3o Yun nos emociona e nos deixa maravilhados diante do poder extraordin\u00e1rio de Deus. Seu relato traz \u00e0 tona o grande drama da persegui\u00e7\u00e3o aos irm\u00e3os chineses, que at\u00e9 hoje s\u00e3o presos, torturados e levados perante \u00e0s autoridades por causa de sua f\u00e9. Esta leitura nos desafia a orar pelos crist\u00e3os da China e a dedicar nossa vida mais intensamente ao servi\u00e7o do Mestre, aproveitando a preciosa liberdade que possu\u00edmos.<\/p>\n<p>Esta hist\u00f3ria dram\u00e1tica, \u00e0s vezes chocante, mas repleta de amor e esperan\u00e7a, ser\u00e1 um divisor de \u00e1guas em sua vida espiritual. Voc\u00ea ir\u00e1 conhecer um pouco da realidade da igreja perseguida: seu sofrimento, suas afli\u00e7\u00f5es, sua f\u00e9 inabal\u00e1vel em Deus. Mas ir\u00e1 tamb\u00e9m contemplar os grandes milagres e o livramento que o Senhor tem operado entre o seu povo.<\/p>\n<p>O Irm\u00e3o Yun em nenhum momento negou sua f\u00e9 em Jesus. Ap\u00f3s anos de persegui\u00e7\u00f5es, pris\u00f5es, torturas e grande sofrimento, deixou a pris\u00e3o de forma milagrosa. Atualmente, vive na Alemanha e viaja com freq\u00fc\u00eancia pregando e compartilhando suas experi\u00eancias. Paul Hattaway, co-autor deste livro, vive na Tail\u00e2ndia. \u00c9 um estudioso da igreja chinesa e escreveu o livro: &#8220;Operation China&#8221; (Opera\u00e7\u00e3o China).<\/p>\n","protected":false},"excerpt":{"rendered":"<p>&#8220;N\u00e3o s\u00e3o os grandes homens que transformam o mundo, mas sim os fracos, nas m\u00e3os de um grande Deus.&#8221; &#8220;O&hellip;<\/p>\n","protected":false},"featured_media":347456,"comment_status":"open","ping_status":"closed","template":"","meta":[],"product_cat":[181,134],"product_tag":[],"_links":{"self":[{"href":"https:\/\/www.livrariarema.com.br\/loja\/wp-json\/wp\/v2\/product\/50701"}],"collection":[{"href":"https:\/\/www.livrariarema.com.br\/loja\/wp-json\/wp\/v2\/product"}],"about":[{"href":"https:\/\/www.livrariarema.com.br\/loja\/wp-json\/wp\/v2\/types\/product"}],"replies":[{"embeddable":true,"href":"https:\/\/www.livrariarema.com.br\/loja\/wp-json\/wp\/v2\/comments?post=50701"}],"wp:featuredmedia":[{"embeddable":true,"href":"https:\/\/www.livrariarema.com.br\/loja\/wp-json\/wp\/v2\/media\/347456"}],"wp:attachment":[{"href":"https:\/\/www.livrariarema.com.br\/loja\/wp-json\/wp\/v2\/media?parent=50701"}],"wp:term":[{"taxonomy":"product_cat","embeddable":true,"href":"https:\/\/www.livrariarema.com.br\/loja\/wp-json\/wp\/v2\/product_cat?post=50701"},{"taxonomy":"product_tag","embeddable":true,"href":"https:\/\/www.livrariarema.com.br\/loja\/wp-json\/wp\/v2\/product_tag?post=50701"}],"curies":[{"name":"wp","href":"https:\/\/api.w.org\/{rel}","templated":true}]}}