{"id":50707,"date":"2021-01-21T16:06:22","date_gmt":"2021-01-21T19:06:22","guid":{"rendered":"https:\/\/www.livrariarema.com.br\/loja\/produtos\/sem%20categoria\/ato-conjugal-o-tim-e-beverly-lahaye\/"},"modified":"2025-07-28T13:41:28","modified_gmt":"2025-07-28T16:41:28","slug":"ato-conjugal-o-tim-e-beverly-lahaye","status":"publish","type":"product","link":"https:\/\/www.livrariarema.com.br\/loja\/produtos\/livros\/casamento\/ato-conjugal-o-tim-e-beverly-lahaye\/","title":{"rendered":"Ato Conjugal, O &#8211; Tim E Beverly Lahaye"},"content":{"rendered":"<p>Uma das mais respeitadas obras sobre o relacionamento sexual. Esclarece d\u00favidas que muitos de n\u00f3s temos, numa abordagem s\u00e9ria e confi\u00e1vel.<\/p>\n","protected":false},"excerpt":{"rendered":"<p>Uma das mais respeitadas obras sobre o relacionamento sexual. Esclarece d\u00favidas que muitos de n\u00f3s temos, numa abordagem s\u00e9ria e&hellip;<\/p>\n","protected":false},"featured_media":330892,"comment_status":"open","ping_status":"closed","template":"","meta":[],"product_cat":[155,134],"product_tag":[],"_links":{"self":[{"href":"https:\/\/www.livrariarema.com.br\/loja\/wp-json\/wp\/v2\/product\/50707"}],"collection":[{"href":"https:\/\/www.livrariarema.com.br\/loja\/wp-json\/wp\/v2\/product"}],"about":[{"href":"https:\/\/www.livrariarema.com.br\/loja\/wp-json\/wp\/v2\/types\/product"}],"replies":[{"embeddable":true,"href":"https:\/\/www.livrariarema.com.br\/loja\/wp-json\/wp\/v2\/comments?post=50707"}],"wp:featuredmedia":[{"embeddable":true,"href":"https:\/\/www.livrariarema.com.br\/loja\/wp-json\/wp\/v2\/media\/330892"}],"wp:attachment":[{"href":"https:\/\/www.livrariarema.com.br\/loja\/wp-json\/wp\/v2\/media?parent=50707"}],"wp:term":[{"taxonomy":"product_cat","embeddable":true,"href":"https:\/\/www.livrariarema.com.br\/loja\/wp-json\/wp\/v2\/product_cat?post=50707"},{"taxonomy":"product_tag","embeddable":true,"href":"https:\/\/www.livrariarema.com.br\/loja\/wp-json\/wp\/v2\/product_tag?post=50707"}],"curies":[{"name":"wp","href":"https:\/\/api.w.org\/{rel}","templated":true}]}}