{"id":50713,"date":"2021-01-21T16:06:33","date_gmt":"2021-01-21T19:06:33","guid":{"rendered":"https:\/\/www.livrariarema.com.br\/loja\/produtos\/sem%20categoria\/a-procura-de-deus-a-w-tozer\/"},"modified":"2025-12-23T19:01:04","modified_gmt":"2025-12-23T22:01:04","slug":"a-procura-de-deus-a-w-tozer","status":"publish","type":"product","link":"https:\/\/www.livrariarema.com.br\/loja\/produtos\/livros\/crescimento-espiritual\/a-procura-de-deus-a-w-tozer\/","title":{"rendered":"\u00c0 Procura De Deus &#8211; A. W. Tozer"},"content":{"rendered":"<p>Hoje em dia preocupamo-nos mais em servir a Deus do que em conhec\u00ea-lo intimamente. \u00c9 certo que queremos sentir a presen\u00e7a de Deus em nosso meio, mas para qu\u00ea? Para alcan\u00e7ar nossos objetivos ou os dele? Este livro oferece a solu\u00e7\u00e3o para quem j\u00e1 conhece a Cristo, mas n\u00e3o est\u00e1 satisfeito em servi-lo apenas, e deseja, acima de tudo, glorific\u00e1-lo e conhec\u00ea-lo melhor.<\/p>\n","protected":false},"excerpt":{"rendered":"<p>Hoje em dia preocupamo-nos mais em servir a Deus do que em conhec\u00ea-lo intimamente. \u00c9 certo que queremos sentir a&hellip;<\/p>\n","protected":false},"featured_media":331317,"comment_status":"open","ping_status":"closed","template":"","meta":[],"product_cat":[147,134],"product_tag":[],"_links":{"self":[{"href":"https:\/\/www.livrariarema.com.br\/loja\/wp-json\/wp\/v2\/product\/50713"}],"collection":[{"href":"https:\/\/www.livrariarema.com.br\/loja\/wp-json\/wp\/v2\/product"}],"about":[{"href":"https:\/\/www.livrariarema.com.br\/loja\/wp-json\/wp\/v2\/types\/product"}],"replies":[{"embeddable":true,"href":"https:\/\/www.livrariarema.com.br\/loja\/wp-json\/wp\/v2\/comments?post=50713"}],"wp:featuredmedia":[{"embeddable":true,"href":"https:\/\/www.livrariarema.com.br\/loja\/wp-json\/wp\/v2\/media\/331317"}],"wp:attachment":[{"href":"https:\/\/www.livrariarema.com.br\/loja\/wp-json\/wp\/v2\/media?parent=50713"}],"wp:term":[{"taxonomy":"product_cat","embeddable":true,"href":"https:\/\/www.livrariarema.com.br\/loja\/wp-json\/wp\/v2\/product_cat?post=50713"},{"taxonomy":"product_tag","embeddable":true,"href":"https:\/\/www.livrariarema.com.br\/loja\/wp-json\/wp\/v2\/product_tag?post=50713"}],"curies":[{"name":"wp","href":"https:\/\/api.w.org\/{rel}","templated":true}]}}