{"id":50719,"date":"2021-01-21T16:06:45","date_gmt":"2021-01-21T19:06:45","guid":{"rendered":"https:\/\/www.livrariarema.com.br\/loja\/produtos\/sem%20categoria\/samuel-morris-lindley-baldwin\/"},"modified":"2026-04-01T15:02:13","modified_gmt":"2026-04-01T18:02:13","slug":"samuel-morris-lindley-baldwin","status":"publish","type":"product","link":"https:\/\/www.livrariarema.com.br\/loja\/produtos\/livros\/biografia\/samuel-morris-lindley-baldwin\/","title":{"rendered":"Samuel Morris &#8211; Lindley Baldwin"},"content":{"rendered":"<p>Simples e iletrado, ele foi o instrumento usado por Deus para despertar crist\u00e3os adormecidos e fazer de prestigiosa universidade evang\u00e9lica um celeiro de mission\u00e1rios. <\/p>\n<p>Samuel Morris \u00e9 a prova de que qualquer pessoa pode exercer um minist\u00e9rio transcultural de grande impacto. Seq\u00fcestrado na \u00c1frica por uma feroz tribo rival, o jovem Samuel foi miraculosamente liberto e depois guiado pela selva por uma estranha luz at\u00e9 um acampamento de libertadores de escravos, onde ouviu pela primeira vez o evangelho de Jesus Cristo. Foi ent\u00e3o que a luz que brilhou na floresta como l\u00e2mpada para seus p\u00e9s tornou-se tamb\u00e9m luz para sua vida. <\/p>\n<p>Numa busca constante de crescimento espiritual, Samuel embarcou como tripulante num veleiro que ia para os Estados Unidos. A princ\u00edpio sofreu nas m\u00e3os de um capit\u00e3o \u00edmpio e de sua cruel tripula\u00e7\u00e3o, mas antes de chegarem \u00e0 Nova Iorque, j\u00e1 havia conquistado o cora\u00e7\u00e3o de seus perseguidores. <\/p>\n<p>Nos Estados Unidos, Samuel foi o instrumento simples e iletrado que Deus usou para despertar crist\u00e3os adormecidos e mudar o destino de uma prestigiosa faculdade evang\u00e9lica, transformando-a em celeiro de mission\u00e1rios. <\/p>\n<p>A vida de Samuel Morris \u00e9 comovente e instrutiva: nela voc\u00ea vai aprender como ser usado por Deus em meio a qualquer classe de pessoas. <\/p>\n","protected":false},"excerpt":{"rendered":"<p>Simples e iletrado, ele foi o instrumento usado por Deus para despertar crist\u00e3os adormecidos e fazer de prestigiosa universidade evang\u00e9lica&hellip;<\/p>\n","protected":false},"featured_media":331321,"comment_status":"open","ping_status":"closed","template":"","meta":[],"product_cat":[181,134],"product_tag":[],"_links":{"self":[{"href":"https:\/\/www.livrariarema.com.br\/loja\/wp-json\/wp\/v2\/product\/50719"}],"collection":[{"href":"https:\/\/www.livrariarema.com.br\/loja\/wp-json\/wp\/v2\/product"}],"about":[{"href":"https:\/\/www.livrariarema.com.br\/loja\/wp-json\/wp\/v2\/types\/product"}],"replies":[{"embeddable":true,"href":"https:\/\/www.livrariarema.com.br\/loja\/wp-json\/wp\/v2\/comments?post=50719"}],"wp:featuredmedia":[{"embeddable":true,"href":"https:\/\/www.livrariarema.com.br\/loja\/wp-json\/wp\/v2\/media\/331321"}],"wp:attachment":[{"href":"https:\/\/www.livrariarema.com.br\/loja\/wp-json\/wp\/v2\/media?parent=50719"}],"wp:term":[{"taxonomy":"product_cat","embeddable":true,"href":"https:\/\/www.livrariarema.com.br\/loja\/wp-json\/wp\/v2\/product_cat?post=50719"},{"taxonomy":"product_tag","embeddable":true,"href":"https:\/\/www.livrariarema.com.br\/loja\/wp-json\/wp\/v2\/product_tag?post=50719"}],"curies":[{"name":"wp","href":"https:\/\/api.w.org\/{rel}","templated":true}]}}