{"id":50724,"date":"2021-01-21T16:06:52","date_gmt":"2021-01-21T19:06:52","guid":{"rendered":"https:\/\/www.livrariarema.com.br\/loja\/produtos\/sem%20categoria\/cura-interior-betty-tapscott\/"},"modified":"2026-03-12T14:52:04","modified_gmt":"2026-03-12T17:52:04","slug":"cura-interior-betty-tapscott","status":"publish","type":"product","link":"https:\/\/www.livrariarema.com.br\/loja\/produtos\/livros\/cura-libertacao\/cura-interior-betty-tapscott\/","title":{"rendered":"Cura Interior &#8211; Betty Tapscott"},"content":{"rendered":"<p>Cura interior \u00e9 a cura de nosso homem interior: da mente, emo\u00e7\u00f5es, lembran\u00e7as desagrad\u00e1veis, sonhos. \u00c9 o processo pelo qual, por meio da ora\u00e7\u00e3o, somos libertos de sentimentos de m\u00e1goa, rejei\u00e7\u00e3o, autopiedade, depress\u00e3o, culpa, medo, tristeza, \u00f3dio, complexo de inferioridade, senso de desvalor. Talvez voc\u00ea necessite de cura interior, ou possa ser usado como instrumento de cura na vida de outros. Veja neste livro como Deus pode us\u00e1-lo.<\/p>\n","protected":false},"excerpt":{"rendered":"<p>Cura interior \u00e9 a cura de nosso homem interior: da mente, emo\u00e7\u00f5es, lembran\u00e7as desagrad\u00e1veis, sonhos. \u00c9 o processo pelo qual,&hellip;<\/p>\n","protected":false},"featured_media":330839,"comment_status":"open","ping_status":"closed","template":"","meta":[],"product_cat":[157,134],"product_tag":[],"_links":{"self":[{"href":"https:\/\/www.livrariarema.com.br\/loja\/wp-json\/wp\/v2\/product\/50724"}],"collection":[{"href":"https:\/\/www.livrariarema.com.br\/loja\/wp-json\/wp\/v2\/product"}],"about":[{"href":"https:\/\/www.livrariarema.com.br\/loja\/wp-json\/wp\/v2\/types\/product"}],"replies":[{"embeddable":true,"href":"https:\/\/www.livrariarema.com.br\/loja\/wp-json\/wp\/v2\/comments?post=50724"}],"wp:featuredmedia":[{"embeddable":true,"href":"https:\/\/www.livrariarema.com.br\/loja\/wp-json\/wp\/v2\/media\/330839"}],"wp:attachment":[{"href":"https:\/\/www.livrariarema.com.br\/loja\/wp-json\/wp\/v2\/media?parent=50724"}],"wp:term":[{"taxonomy":"product_cat","embeddable":true,"href":"https:\/\/www.livrariarema.com.br\/loja\/wp-json\/wp\/v2\/product_cat?post=50724"},{"taxonomy":"product_tag","embeddable":true,"href":"https:\/\/www.livrariarema.com.br\/loja\/wp-json\/wp\/v2\/product_tag?post=50724"}],"curies":[{"name":"wp","href":"https:\/\/api.w.org\/{rel}","templated":true}]}}