{"id":50847,"date":"2021-01-21T16:10:24","date_gmt":"2021-01-21T19:10:24","guid":{"rendered":"https:\/\/www.livrariarema.com.br\/loja\/produtos\/sem%20categoria\/bateria-metodo-para-principiantes-vol-1\/"},"modified":"2025-11-24T13:36:03","modified_gmt":"2025-11-24T16:36:03","slug":"bateria-metodo-para-principiantes-vol-1","status":"publish","type":"product","link":"https:\/\/www.livrariarema.com.br\/loja\/produtos\/promocao\/livros-promocao\/bateria-metodo-para-principiantes-vol-1\/","title":{"rendered":"Bateria &#8211; M\u00e9todo Para Principiantes &#8211; Vol. 1"},"content":{"rendered":"<p>Duda Moura traz neste m\u00e9todo os mais variados ritmos e t\u00e9cnicas para iniciantes. Inclui CD explicativo com mais de 150 exerc\u00edcios.<\/p>\n","protected":false},"excerpt":{"rendered":"<p>Duda Moura traz neste m\u00e9todo os mais variados ritmos e t\u00e9cnicas para iniciantes. Inclui CD explicativo com mais de 150&hellip;<\/p>\n","protected":false},"featured_media":341422,"comment_status":"open","ping_status":"closed","template":"","meta":[],"product_cat":[143,142],"product_tag":[],"_links":{"self":[{"href":"https:\/\/www.livrariarema.com.br\/loja\/wp-json\/wp\/v2\/product\/50847"}],"collection":[{"href":"https:\/\/www.livrariarema.com.br\/loja\/wp-json\/wp\/v2\/product"}],"about":[{"href":"https:\/\/www.livrariarema.com.br\/loja\/wp-json\/wp\/v2\/types\/product"}],"replies":[{"embeddable":true,"href":"https:\/\/www.livrariarema.com.br\/loja\/wp-json\/wp\/v2\/comments?post=50847"}],"wp:featuredmedia":[{"embeddable":true,"href":"https:\/\/www.livrariarema.com.br\/loja\/wp-json\/wp\/v2\/media\/341422"}],"wp:attachment":[{"href":"https:\/\/www.livrariarema.com.br\/loja\/wp-json\/wp\/v2\/media?parent=50847"}],"wp:term":[{"taxonomy":"product_cat","embeddable":true,"href":"https:\/\/www.livrariarema.com.br\/loja\/wp-json\/wp\/v2\/product_cat?post=50847"},{"taxonomy":"product_tag","embeddable":true,"href":"https:\/\/www.livrariarema.com.br\/loja\/wp-json\/wp\/v2\/product_tag?post=50847"}],"curies":[{"name":"wp","href":"https:\/\/api.w.org\/{rel}","templated":true}]}}