{"id":50935,"date":"2021-01-21T16:13:00","date_gmt":"2021-01-21T19:13:00","guid":{"rendered":"https:\/\/www.livrariarema.com.br\/loja\/produtos\/sem%20categoria\/biblia-ilustrada-infantil\/"},"modified":"2026-02-18T15:00:35","modified_gmt":"2026-02-18T18:00:35","slug":"biblia-ilustrada-infantil","status":"publish","type":"product","link":"https:\/\/www.livrariarema.com.br\/loja\/produtos\/livros\/infantil-biblia\/biblia-ilustrada-infantil\/","title":{"rendered":"B\u00edblia Ilustrada Infantil"},"content":{"rendered":"<p>A B\u00edblia Ilustrada Infantil foi elaborada com uma linguagem clara e de f\u00e1cil compreens\u00e3o, indicado para crian\u00e7as de todas as idades.<\/p>\n<p>Ela tem o intuito de familiarizar nossas crian\u00e7as acerca do amor e do poder de Deus, atrav\u00e9s de desenhos ricos em cor e detalhes representativos.<\/p>\n<p>Com mais de 300 mil c\u00f3pias vendidas, esta B\u00edblia se tornou a maior refer\u00eancia do mercado editorial infantil crist\u00e3o.<\/p>\n","protected":false},"excerpt":{"rendered":"<p>A B\u00edblia Ilustrada Infantil foi elaborada com uma linguagem clara e de f\u00e1cil compreens\u00e3o, indicado para crian\u00e7as de todas as&hellip;<\/p>\n","protected":false},"featured_media":325958,"comment_status":"open","ping_status":"closed","template":"","meta":[],"product_cat":[165,134],"product_tag":[],"_links":{"self":[{"href":"https:\/\/www.livrariarema.com.br\/loja\/wp-json\/wp\/v2\/product\/50935"}],"collection":[{"href":"https:\/\/www.livrariarema.com.br\/loja\/wp-json\/wp\/v2\/product"}],"about":[{"href":"https:\/\/www.livrariarema.com.br\/loja\/wp-json\/wp\/v2\/types\/product"}],"replies":[{"embeddable":true,"href":"https:\/\/www.livrariarema.com.br\/loja\/wp-json\/wp\/v2\/comments?post=50935"}],"wp:featuredmedia":[{"embeddable":true,"href":"https:\/\/www.livrariarema.com.br\/loja\/wp-json\/wp\/v2\/media\/325958"}],"wp:attachment":[{"href":"https:\/\/www.livrariarema.com.br\/loja\/wp-json\/wp\/v2\/media?parent=50935"}],"wp:term":[{"taxonomy":"product_cat","embeddable":true,"href":"https:\/\/www.livrariarema.com.br\/loja\/wp-json\/wp\/v2\/product_cat?post=50935"},{"taxonomy":"product_tag","embeddable":true,"href":"https:\/\/www.livrariarema.com.br\/loja\/wp-json\/wp\/v2\/product_tag?post=50935"}],"curies":[{"name":"wp","href":"https:\/\/api.w.org\/{rel}","templated":true}]}}