{"id":51010,"date":"2021-01-21T16:14:59","date_gmt":"2021-01-21T19:14:59","guid":{"rendered":"https:\/\/www.livrariarema.com.br\/loja\/produtos\/sem%20categoria\/vulgata-biblia-sacra-vulgata\/"},"modified":"2025-09-17T14:02:53","modified_gmt":"2025-09-17T17:02:53","slug":"vulgata-biblia-sacra-vulgata","status":"publish","type":"product","link":"https:\/\/www.livrariarema.com.br\/loja\/produtos\/biblias\/outros-idiomas\/vulgata-biblia-sacra-vulgata\/","title":{"rendered":"Vulgata &#8211; B\u00edblia Sacra Vulgata"},"content":{"rendered":"<p>Quarta edi\u00e7\u00e3o corrigida, de 1994, baseia-se na edi\u00e7\u00e3o do Antigo Testamento dos monges do monast\u00e9rio de S\u00e3o Jer\u00f4nimo, em Roma, e na edi\u00e7\u00e3o do Novo Testamento de Wordsworth e White. Editora: Sociedade B\u00edblica Alem\u00e3.<\/p>\n<p><b>Recursos:<\/b><\/p>\n<p>&#8211; Edi\u00e7\u00e3o em um \u00fanico volume<br \/>\n&#8211; Aparato cr\u00edtico<br \/>\n&#8211; Introdu\u00e7\u00e3o em latim, alem\u00e3o, franc\u00eas e ingl\u00eas. 4\u00aa edi\u00e7\u00e3o inteiramente revisada a partir da edi\u00e7\u00e3o dos monges do monast\u00e9rio de S\u00e3o Jeronimo, em Roma<br \/>\n&#8211; Novo aparato revisado nos livros de Sabedoria, Profetas Menores, 1 e 2 Macabeus, Tito, Filemom e Hebreus<br \/>\n&#8211; Ap\u00eandice: Ora\u00e7\u00e3o de Manass\u00e9s, 3 e 4 Esdras, Salmo 151, Ep\u00edstola aos Laodicenses<br \/>\n&#8211; Guia de sinais e abreviaturas<\/p>\n<p>Editores: R. Gryson, Bonifatio Fischer, H.l. Frede, H.F.D. Sparks, W. Thiele<\/p>\n","protected":false},"excerpt":{"rendered":"<p>Quarta edi\u00e7\u00e3o corrigida, de 1994, baseia-se na edi\u00e7\u00e3o do Antigo Testamento dos monges do monast\u00e9rio de S\u00e3o Jer\u00f4nimo, em Roma,&hellip;<\/p>\n","protected":false},"featured_media":337226,"comment_status":"open","ping_status":"closed","template":"","meta":[],"product_cat":[139,141],"product_tag":[],"_links":{"self":[{"href":"https:\/\/www.livrariarema.com.br\/loja\/wp-json\/wp\/v2\/product\/51010"}],"collection":[{"href":"https:\/\/www.livrariarema.com.br\/loja\/wp-json\/wp\/v2\/product"}],"about":[{"href":"https:\/\/www.livrariarema.com.br\/loja\/wp-json\/wp\/v2\/types\/product"}],"replies":[{"embeddable":true,"href":"https:\/\/www.livrariarema.com.br\/loja\/wp-json\/wp\/v2\/comments?post=51010"}],"wp:featuredmedia":[{"embeddable":true,"href":"https:\/\/www.livrariarema.com.br\/loja\/wp-json\/wp\/v2\/media\/337226"}],"wp:attachment":[{"href":"https:\/\/www.livrariarema.com.br\/loja\/wp-json\/wp\/v2\/media?parent=51010"}],"wp:term":[{"taxonomy":"product_cat","embeddable":true,"href":"https:\/\/www.livrariarema.com.br\/loja\/wp-json\/wp\/v2\/product_cat?post=51010"},{"taxonomy":"product_tag","embeddable":true,"href":"https:\/\/www.livrariarema.com.br\/loja\/wp-json\/wp\/v2\/product_tag?post=51010"}],"curies":[{"name":"wp","href":"https:\/\/api.w.org\/{rel}","templated":true}]}}