{"id":51014,"date":"2021-01-21T16:15:07","date_gmt":"2021-01-21T19:15:07","guid":{"rendered":"https:\/\/www.livrariarema.com.br\/loja\/produtos\/sem%20categoria\/comecando-juntos-h-norman-wright\/"},"modified":"2026-03-13T16:45:35","modified_gmt":"2026-03-13T19:45:35","slug":"comecando-juntos-h-norman-wright","status":"publish","type":"product","link":"https:\/\/www.livrariarema.com.br\/loja\/produtos\/livros\/devocional\/comecando-juntos-h-norman-wright\/","title":{"rendered":"Come\u00e7ando Juntos &#8211; H. Norman Wright"},"content":{"rendered":"<p>Este livro apresenta 60 leituras devocionais com o objetivo de fortalecer o alicerce do relacionamento entre os casais. <\/p>\n<p>Uma ajuda tanto para os que est\u00e3o na fase que antecede o casamento como para aqueles que iniciam a vida a dois. <\/p>\n<p>A partir das palavras de sabedoria extra\u00eddas do texto b\u00edblico, o autor demonstra como desenvolver um relacionamento agrad\u00e1vel e duradouro.<\/p>\n","protected":false},"excerpt":{"rendered":"<p>Este livro apresenta 60 leituras devocionais com o objetivo de fortalecer o alicerce do relacionamento entre os casais. Uma ajuda&hellip;<\/p>\n","protected":false},"featured_media":346070,"comment_status":"open","ping_status":"closed","template":"","meta":[],"product_cat":[158,134],"product_tag":[],"_links":{"self":[{"href":"https:\/\/www.livrariarema.com.br\/loja\/wp-json\/wp\/v2\/product\/51014"}],"collection":[{"href":"https:\/\/www.livrariarema.com.br\/loja\/wp-json\/wp\/v2\/product"}],"about":[{"href":"https:\/\/www.livrariarema.com.br\/loja\/wp-json\/wp\/v2\/types\/product"}],"replies":[{"embeddable":true,"href":"https:\/\/www.livrariarema.com.br\/loja\/wp-json\/wp\/v2\/comments?post=51014"}],"wp:featuredmedia":[{"embeddable":true,"href":"https:\/\/www.livrariarema.com.br\/loja\/wp-json\/wp\/v2\/media\/346070"}],"wp:attachment":[{"href":"https:\/\/www.livrariarema.com.br\/loja\/wp-json\/wp\/v2\/media?parent=51014"}],"wp:term":[{"taxonomy":"product_cat","embeddable":true,"href":"https:\/\/www.livrariarema.com.br\/loja\/wp-json\/wp\/v2\/product_cat?post=51014"},{"taxonomy":"product_tag","embeddable":true,"href":"https:\/\/www.livrariarema.com.br\/loja\/wp-json\/wp\/v2\/product_tag?post=51014"}],"curies":[{"name":"wp","href":"https:\/\/api.w.org\/{rel}","templated":true}]}}