{"id":51128,"date":"2021-01-21T16:20:11","date_gmt":"2021-01-21T19:20:11","guid":{"rendered":"https:\/\/www.livrariarema.com.br\/loja\/produtos\/sem%20categoria\/ea963lntg-lexico-grego-portugues-do-novo-testamento\/"},"modified":"2026-04-29T14:03:30","modified_gmt":"2026-04-29T17:03:30","slug":"ea963lntg-lexico-grego-portugues-do-novo-testamento","status":"publish","type":"product","link":"https:\/\/www.livrariarema.com.br\/loja\/produtos\/livros\/teologia\/ea963lntg-lexico-grego-portugues-do-novo-testamento\/","title":{"rendered":"Ea963lntg &#8211; L\u00e9xico Grego-Portugues Do Novo Testamento"},"content":{"rendered":"<p>O L\u00e9xico Grego-Portugu\u00eas do Novo Testamento &#8211; Baseado em Dom\u00ednios Sem\u00e2nticos, de Johannes Louw e Eugene Nida, \u00e9 diferente de todos os outros dicion\u00e1rios gregos do Novo Testamento. Os verbetes aqui n\u00e3o aparecem em ordem alfab\u00e9tica, mas s\u00e3o classificados por afinidade de significado, em 93 dom\u00ednios ou campos sem\u00e2nticos. Com isso, um mesmo termo grego pode aparecer v\u00e1rias vezes no L\u00e9xico, em lugares ou dom\u00ednios sem\u00e2nticos diferentes, dependendo dos significados que tem. Para localizar os significados de um termo grego, o leitor conta com o aux\u00edlio de um \u00edndice, no qual os termos em grego encontram-se em ordem alfab\u00e9tica e remetem a um ou mais lugares no L\u00e9xico, onde o leitor vai encontrar as informa\u00e7\u00f5es que busca.Preparado originalmente para tradutores do Novo Testamento, a publica\u00e7\u00e3o \u00e9 de grande utilidade para exegetas e estudiosos da B\u00edblia em geral.<\/p>\n","protected":false},"excerpt":{"rendered":"<p>O L\u00e9xico Grego-Portugu\u00eas do Novo Testamento &#8211; Baseado em Dom\u00ednios Sem\u00e2nticos, de Johannes Louw e Eugene Nida, \u00e9 diferente de&hellip;<\/p>\n","protected":false},"featured_media":347709,"comment_status":"open","ping_status":"closed","template":"","meta":[],"product_cat":[134,136],"product_tag":[],"_links":{"self":[{"href":"https:\/\/www.livrariarema.com.br\/loja\/wp-json\/wp\/v2\/product\/51128"}],"collection":[{"href":"https:\/\/www.livrariarema.com.br\/loja\/wp-json\/wp\/v2\/product"}],"about":[{"href":"https:\/\/www.livrariarema.com.br\/loja\/wp-json\/wp\/v2\/types\/product"}],"replies":[{"embeddable":true,"href":"https:\/\/www.livrariarema.com.br\/loja\/wp-json\/wp\/v2\/comments?post=51128"}],"wp:featuredmedia":[{"embeddable":true,"href":"https:\/\/www.livrariarema.com.br\/loja\/wp-json\/wp\/v2\/media\/347709"}],"wp:attachment":[{"href":"https:\/\/www.livrariarema.com.br\/loja\/wp-json\/wp\/v2\/media?parent=51128"}],"wp:term":[{"taxonomy":"product_cat","embeddable":true,"href":"https:\/\/www.livrariarema.com.br\/loja\/wp-json\/wp\/v2\/product_cat?post=51128"},{"taxonomy":"product_tag","embeddable":true,"href":"https:\/\/www.livrariarema.com.br\/loja\/wp-json\/wp\/v2\/product_tag?post=51128"}],"curies":[{"name":"wp","href":"https:\/\/api.w.org\/{rel}","templated":true}]}}