{"id":51141,"date":"2021-01-21T16:20:31","date_gmt":"2021-01-21T19:20:31","guid":{"rendered":"https:\/\/www.livrariarema.com.br\/loja\/produtos\/sem%20categoria\/cura-para-os-traumas-emocionais-david-a-seamands\/"},"modified":"2025-11-25T16:52:37","modified_gmt":"2025-11-25T19:52:37","slug":"cura-para-os-traumas-emocionais-david-a-seamands","status":"publish","type":"product","link":"https:\/\/www.livrariarema.com.br\/loja\/produtos\/livros\/cura-libertacao\/cura-para-os-traumas-emocionais-david-a-seamands\/","title":{"rendered":"Cura Para Os Traumas Emocionais &#8211; David A. Seamands"},"content":{"rendered":"<p>De maneira admir\u00e1vel, o autor entrela\u00e7a o ensino b\u00edblico com a psicologia crist\u00e3 e o bom-senso, ao escrever sobre a ira, culpa, depress\u00e3o, inferioridade e mania de perfeccionismo.<\/p>\n<p>Ao abordar esses temas, ele enfoca de modo pr\u00e1tico e direto a quest\u00e3o da dor que perdura, mostrando como voc\u00ea pode alcan\u00e7ar uma liberta\u00e7\u00e3o permanente.<\/p>\n","protected":false},"excerpt":{"rendered":"<p>De maneira admir\u00e1vel, o autor entrela\u00e7a o ensino b\u00edblico com a psicologia crist\u00e3 e o bom-senso, ao escrever sobre a&hellip;<\/p>\n","protected":false},"featured_media":330851,"comment_status":"open","ping_status":"closed","template":"","meta":[],"product_cat":[157,134],"product_tag":[],"_links":{"self":[{"href":"https:\/\/www.livrariarema.com.br\/loja\/wp-json\/wp\/v2\/product\/51141"}],"collection":[{"href":"https:\/\/www.livrariarema.com.br\/loja\/wp-json\/wp\/v2\/product"}],"about":[{"href":"https:\/\/www.livrariarema.com.br\/loja\/wp-json\/wp\/v2\/types\/product"}],"replies":[{"embeddable":true,"href":"https:\/\/www.livrariarema.com.br\/loja\/wp-json\/wp\/v2\/comments?post=51141"}],"wp:featuredmedia":[{"embeddable":true,"href":"https:\/\/www.livrariarema.com.br\/loja\/wp-json\/wp\/v2\/media\/330851"}],"wp:attachment":[{"href":"https:\/\/www.livrariarema.com.br\/loja\/wp-json\/wp\/v2\/media?parent=51141"}],"wp:term":[{"taxonomy":"product_cat","embeddable":true,"href":"https:\/\/www.livrariarema.com.br\/loja\/wp-json\/wp\/v2\/product_cat?post=51141"},{"taxonomy":"product_tag","embeddable":true,"href":"https:\/\/www.livrariarema.com.br\/loja\/wp-json\/wp\/v2\/product_tag?post=51141"}],"curies":[{"name":"wp","href":"https:\/\/api.w.org\/{rel}","templated":true}]}}