{"id":51191,"date":"2021-01-21T16:21:53","date_gmt":"2021-01-21T19:21:53","guid":{"rendered":"https:\/\/www.livrariarema.com.br\/loja\/produtos\/sem%20categoria\/historia-em-quadrinhos-herois-da-biblia\/"},"modified":"2022-12-02T14:44:07","modified_gmt":"2022-12-02T17:44:07","slug":"historia-em-quadrinhos-herois-da-biblia","status":"publish","type":"product","link":"https:\/\/www.livrariarema.com.br\/loja\/produtos\/livros\/manga-hq\/historia-em-quadrinhos-herois-da-biblia\/","title":{"rendered":"Hist\u00f3ria Em Quadrinhos &#8211; Her\u00f3is Da B\u00edblia"},"content":{"rendered":"<p>Devocional em Quadrinhos com Atividades<\/p>\n<p>13 Hist\u00f3rias para Adolescentes e Fam\u00edlias com li\u00e7\u00f5es e aplica\u00e7\u00f5es pr\u00e1ticas sobre os maiores personagens b\u00edblicos! Pode ser usado individualmente, em grupos pequenos ou classes.<\/p>\n","protected":false},"excerpt":{"rendered":"<p>Devocional em Quadrinhos com Atividades 13 Hist\u00f3rias para Adolescentes e Fam\u00edlias com li\u00e7\u00f5es e aplica\u00e7\u00f5es pr\u00e1ticas sobre os maiores personagens&hellip;<\/p>\n","protected":false},"featured_media":200164,"comment_status":"open","ping_status":"closed","template":"","meta":[],"product_cat":[134,189],"product_tag":[],"_links":{"self":[{"href":"https:\/\/www.livrariarema.com.br\/loja\/wp-json\/wp\/v2\/product\/51191"}],"collection":[{"href":"https:\/\/www.livrariarema.com.br\/loja\/wp-json\/wp\/v2\/product"}],"about":[{"href":"https:\/\/www.livrariarema.com.br\/loja\/wp-json\/wp\/v2\/types\/product"}],"replies":[{"embeddable":true,"href":"https:\/\/www.livrariarema.com.br\/loja\/wp-json\/wp\/v2\/comments?post=51191"}],"wp:featuredmedia":[{"embeddable":true,"href":"https:\/\/www.livrariarema.com.br\/loja\/wp-json\/wp\/v2\/media\/200164"}],"wp:attachment":[{"href":"https:\/\/www.livrariarema.com.br\/loja\/wp-json\/wp\/v2\/media?parent=51191"}],"wp:term":[{"taxonomy":"product_cat","embeddable":true,"href":"https:\/\/www.livrariarema.com.br\/loja\/wp-json\/wp\/v2\/product_cat?post=51191"},{"taxonomy":"product_tag","embeddable":true,"href":"https:\/\/www.livrariarema.com.br\/loja\/wp-json\/wp\/v2\/product_tag?post=51191"}],"curies":[{"name":"wp","href":"https:\/\/api.w.org\/{rel}","templated":true}]}}