{"id":51216,"date":"2021-01-21T16:22:38","date_gmt":"2021-01-21T19:22:38","guid":{"rendered":"https:\/\/www.livrariarema.com.br\/loja\/produtos\/sem%20categoria\/antes-de-dizer-amem-max-lucado\/"},"modified":"2026-02-25T16:43:45","modified_gmt":"2026-02-25T19:43:45","slug":"antes-de-dizer-amem-max-lucado","status":"publish","type":"product","link":"https:\/\/www.livrariarema.com.br\/loja\/produtos\/livros\/devocional\/antes-de-dizer-amem-max-lucado\/","title":{"rendered":"Antes De Dizer Am\u00e9m &#8211; Max Lucado"},"content":{"rendered":"<p>Quantas vezes voc\u00ea j\u00e1 pegou no sono depois de um dia cansativo e estressante, sem concluir a ora\u00e7\u00e3o que come\u00e7ou? Quantas vezes viu seu pensamento vagar pelos mais diversos assuntos quando tudo o que mais desejava era conversar com Deus em busca de orienta\u00e7\u00e3o? Quantas vezes sentiu vontade de fazer o mesmo pedido dos disc\u00edpulos: &#8220;Ensina-nos a orar&#8221;?Esse pedido t\u00e3o fundamental foi atendido por Jesus de maneira simples e objetiva, e \u00e9 com similar simplicidade e clareza que Max Lucado conduz o leitor a um n\u00edvel mais elevado da vida devocional. Com base na ora\u00e7\u00e3o que Cristo ensinou, Lucado demonstra que, como numa rela\u00e7\u00e3o entre pai e filho, conversar com Deus pode ser uma pr\u00e1tica di\u00e1ria saud\u00e1vel e prazerosa para quem deseja se aproximar mais do Pai celestial.<\/p>\n","protected":false},"excerpt":{"rendered":"<p>Quantas vezes voc\u00ea j\u00e1 pegou no sono depois de um dia cansativo e estressante, sem concluir a ora\u00e7\u00e3o que come\u00e7ou?&hellip;<\/p>\n","protected":false},"featured_media":345485,"comment_status":"open","ping_status":"closed","template":"","meta":[],"product_cat":[158,134],"product_tag":[],"_links":{"self":[{"href":"https:\/\/www.livrariarema.com.br\/loja\/wp-json\/wp\/v2\/product\/51216"}],"collection":[{"href":"https:\/\/www.livrariarema.com.br\/loja\/wp-json\/wp\/v2\/product"}],"about":[{"href":"https:\/\/www.livrariarema.com.br\/loja\/wp-json\/wp\/v2\/types\/product"}],"replies":[{"embeddable":true,"href":"https:\/\/www.livrariarema.com.br\/loja\/wp-json\/wp\/v2\/comments?post=51216"}],"wp:featuredmedia":[{"embeddable":true,"href":"https:\/\/www.livrariarema.com.br\/loja\/wp-json\/wp\/v2\/media\/345485"}],"wp:attachment":[{"href":"https:\/\/www.livrariarema.com.br\/loja\/wp-json\/wp\/v2\/media?parent=51216"}],"wp:term":[{"taxonomy":"product_cat","embeddable":true,"href":"https:\/\/www.livrariarema.com.br\/loja\/wp-json\/wp\/v2\/product_cat?post=51216"},{"taxonomy":"product_tag","embeddable":true,"href":"https:\/\/www.livrariarema.com.br\/loja\/wp-json\/wp\/v2\/product_tag?post=51216"}],"curies":[{"name":"wp","href":"https:\/\/api.w.org\/{rel}","templated":true}]}}