{"id":51230,"date":"2021-01-21T16:23:04","date_gmt":"2021-01-21T19:23:04","guid":{"rendered":"https:\/\/www.livrariarema.com.br\/loja\/produtos\/sem%20categoria\/pescadores-de-criancas-c-h-spurgeon\/"},"modified":"2026-03-27T09:51:59","modified_gmt":"2026-03-27T12:51:59","slug":"pescadores-de-criancas-c-h-spurgeon","status":"publish","type":"product","link":"https:\/\/www.livrariarema.com.br\/loja\/produtos\/livros\/educacao-crista\/pescadores-de-criancas-c-h-spurgeon\/","title":{"rendered":"Pescadores De Crian\u00e7as &#8211; C. H. Spurgeon"},"content":{"rendered":"<p>&#8220;Um minist\u00e9rio sem reconhecimento&#8221; &#8220;Uma perda de tempo&#8221;.<Br><br \/>\nEstas s\u00e3o as formas mais comuns de pessoas desgastadas e exaustas descreverem o minist\u00e9rio com crian\u00e7as. Neste livro, voc\u00ea encontrar\u00e1 encorajamento, orienta\u00e7\u00e3o pr\u00e1tica e princ\u00edpios b\u00edblicos para renovar suas energias no minist\u00e9rio com crian\u00e7as.<br \/>\n<Br><Br><br \/>\nVoc\u00ea tamb\u00e9m ganhar\u00e1 uma nova vis\u00e3o a import\u00e2ncia do trabalho em que est\u00e1 envolvido.<Br><br \/>\n<Br><br \/>\nSpurgeon, de maneira not\u00e1vel, nos desafia, demonstrando que falar de Jesus \u00e0s crian\u00e7as \u00e9 a tarefa mais importante que uma pessoa possa desempenhar, quer seja um pai, professor, l\u00edder ou pastor.<Br><br \/>\nVencedor do Pr\u00eamio Aret\u00e9 2005<Br><\/p>\n","protected":false},"excerpt":{"rendered":"<p>&#8220;Um minist\u00e9rio sem reconhecimento&#8221; &#8220;Uma perda de tempo&#8221;. Estas s\u00e3o as formas mais comuns de pessoas desgastadas e exaustas descreverem&hellip;<\/p>\n","protected":false},"featured_media":345141,"comment_status":"open","ping_status":"closed","template":"","meta":[],"product_cat":[169,134],"product_tag":[],"_links":{"self":[{"href":"https:\/\/www.livrariarema.com.br\/loja\/wp-json\/wp\/v2\/product\/51230"}],"collection":[{"href":"https:\/\/www.livrariarema.com.br\/loja\/wp-json\/wp\/v2\/product"}],"about":[{"href":"https:\/\/www.livrariarema.com.br\/loja\/wp-json\/wp\/v2\/types\/product"}],"replies":[{"embeddable":true,"href":"https:\/\/www.livrariarema.com.br\/loja\/wp-json\/wp\/v2\/comments?post=51230"}],"wp:featuredmedia":[{"embeddable":true,"href":"https:\/\/www.livrariarema.com.br\/loja\/wp-json\/wp\/v2\/media\/345141"}],"wp:attachment":[{"href":"https:\/\/www.livrariarema.com.br\/loja\/wp-json\/wp\/v2\/media?parent=51230"}],"wp:term":[{"taxonomy":"product_cat","embeddable":true,"href":"https:\/\/www.livrariarema.com.br\/loja\/wp-json\/wp\/v2\/product_cat?post=51230"},{"taxonomy":"product_tag","embeddable":true,"href":"https:\/\/www.livrariarema.com.br\/loja\/wp-json\/wp\/v2\/product_tag?post=51230"}],"curies":[{"name":"wp","href":"https:\/\/api.w.org\/{rel}","templated":true}]}}