{"id":51263,"date":"2021-01-21T16:24:02","date_gmt":"2021-01-21T19:24:02","guid":{"rendered":"https:\/\/www.livrariarema.com.br\/loja\/produtos\/sem%20categoria\/recompensa-da-honra-a-john-bevere\/"},"modified":"2025-12-20T16:20:43","modified_gmt":"2025-12-20T19:20:43","slug":"recompensa-da-honra-a-john-bevere","status":"publish","type":"product","link":"https:\/\/www.livrariarema.com.br\/loja\/produtos\/livros\/vida-crista\/recompensa-da-honra-a-john-bevere\/","title":{"rendered":"Recompensa Da Honra, A &#8211; John Bevere"},"content":{"rendered":"<p>Em A RECOMPENSA DA HONRA, o autor de best-sellers John Bevere revela o poder e a verdade de um princ\u00edpio geralmente negligenciado &#8211; a lei espiritual da honra. Se compreender o papel vital desta virtude, voc\u00ea atrair\u00e1 b\u00ean\u00e7\u00e3os sobre sua vida hoje e tamb\u00e9m para a eternidade.<\/p>\n<p>Com seu estilo peculiar, John Bevere mergulha fundo nas Escrituras para demonstrar que a maneira como valorizamos, respeitamos e tratamos as pessoas determina a nossa recompensa. Ele inicia com a promessa de Deus: &#8220;Honrarei aqueles que me honram&#8221;. Este livro lhe ensinar\u00e1 como honrar o seu Criador, os membros de sua fam\u00edlia, as autoridades, e aqueles que fazem parte do seu mundo.<\/p>\n<p>John Bevere entrela\u00e7a exemplos b\u00edblicos e hist\u00f3rias pessoais para demonstrar os tr\u00eas n\u00edveis de Recompensa da Honra:<\/p>\n<p>O pleno galard\u00e3o para aqueles que valorizam e respeitam as pessoas.<br \/>\nUma recompensa parcial para aqueles que s\u00e3o seletivos na sua maneira de demonstrar aprecia\u00e7\u00e3o pelas pessoas.<br \/>\nNenhuma recompensa para aqueles que tratam Deus e a Sua cria\u00e7\u00e3o com indiferen\u00e7a.<\/p>\n<p>John demonstra como a cultura popular luta contra a pr\u00e1tica de honrar pais, l\u00edderes e filhos, e tamb\u00e9m como a sociedade resiste \u00e0 autoridade, revelando as conseq\u00fc\u00eancias dessa desobedi\u00eancia.<\/p>\n<p>Este livro impressionante revela o segredo de recebermos mais das b\u00ean\u00e7\u00e3os de Deus atrav\u00e9s da honra&#8230; e ao faz\u00ea-lo, ele revoluciona a sua f\u00e9.<\/p>\n","protected":false},"excerpt":{"rendered":"<p>Em A RECOMPENSA DA HONRA, o autor de best-sellers John Bevere revela o poder e a verdade de um princ\u00edpio&hellip;<\/p>\n","protected":false},"featured_media":340542,"comment_status":"open","ping_status":"closed","template":"","meta":[],"product_cat":[134,137],"product_tag":[],"_links":{"self":[{"href":"https:\/\/www.livrariarema.com.br\/loja\/wp-json\/wp\/v2\/product\/51263"}],"collection":[{"href":"https:\/\/www.livrariarema.com.br\/loja\/wp-json\/wp\/v2\/product"}],"about":[{"href":"https:\/\/www.livrariarema.com.br\/loja\/wp-json\/wp\/v2\/types\/product"}],"replies":[{"embeddable":true,"href":"https:\/\/www.livrariarema.com.br\/loja\/wp-json\/wp\/v2\/comments?post=51263"}],"wp:featuredmedia":[{"embeddable":true,"href":"https:\/\/www.livrariarema.com.br\/loja\/wp-json\/wp\/v2\/media\/340542"}],"wp:attachment":[{"href":"https:\/\/www.livrariarema.com.br\/loja\/wp-json\/wp\/v2\/media?parent=51263"}],"wp:term":[{"taxonomy":"product_cat","embeddable":true,"href":"https:\/\/www.livrariarema.com.br\/loja\/wp-json\/wp\/v2\/product_cat?post=51263"},{"taxonomy":"product_tag","embeddable":true,"href":"https:\/\/www.livrariarema.com.br\/loja\/wp-json\/wp\/v2\/product_tag?post=51263"}],"curies":[{"name":"wp","href":"https:\/\/api.w.org\/{rel}","templated":true}]}}