{"id":51307,"date":"2021-01-21T16:25:43","date_gmt":"2021-01-21T19:25:43","guid":{"rendered":"https:\/\/www.livrariarema.com.br\/loja\/produtos\/sem%20categoria\/manga-vol-4-melek\/"},"modified":"2026-02-20T13:21:56","modified_gmt":"2026-02-20T16:21:56","slug":"manga-vol-4-melek","status":"publish","type":"product","link":"https:\/\/www.livrariarema.com.br\/loja\/produtos\/livros\/manga-hq\/manga-vol-4-melek\/","title":{"rendered":"Mang\u00e1 Vol. 4 &#8211; M\u00e9lek"},"content":{"rendered":"<p>Foram guiados no deserto por uma chama&#8230;<br \/>\nPurificaram com fogo a Terra Prometida&#8230;<br \/>\nMesmo assim os Escolhidos fizeram p\u00e9ssimas escolhas&#8230;<br \/>\nProcuraram deuses falsos e l\u00edderes fal\u00edveis.<br \/>\nConseguir\u00e3o sobreviver e produzir a Semente Prometida?<\/p>\n<p>ACOMPANHE MOIS\u00c9S, JOSU\u00c9, GIDE\u00c3O, SANS\u00c3O, RUTE, SAMUEL E O GRANDE REI DAVI NESTA GRANDE JORNADA!<\/p>\n<p>O MANG\u00c1 M\u00c9LEK, baseado nos livros de \u00caxodo a 1Cr\u00f4nicas, continua a saga dos descendentes de Abra\u00e3o, come\u00e7ando exatamente do ponto em que o MANG\u00c1 MOTIM havia parado. <\/p>\n<p>O povo escolhido vaga pelo deserto impiedoso rumo a uma nova terra, nessa jornada enfrentar\u00e3o grandes inimigos. Bem na hora em que parece que os inimigos v\u00e3o vencer e acabar com todos, surge Davi, um homem humilde, vindo dos campos, para unir a na\u00e7\u00e3o rumo ao poder e \u00e0 vit\u00f3ria. Ele se tornar\u00e1 um dos maiores reis da hist\u00f3ria.<\/p>\n","protected":false},"excerpt":{"rendered":"<p>Foram guiados no deserto por uma chama&#8230; Purificaram com fogo a Terra Prometida&#8230; Mesmo assim os Escolhidos fizeram p\u00e9ssimas escolhas&#8230;&hellip;<\/p>\n","protected":false},"featured_media":345028,"comment_status":"open","ping_status":"closed","template":"","meta":[],"product_cat":[134,189],"product_tag":[],"_links":{"self":[{"href":"https:\/\/www.livrariarema.com.br\/loja\/wp-json\/wp\/v2\/product\/51307"}],"collection":[{"href":"https:\/\/www.livrariarema.com.br\/loja\/wp-json\/wp\/v2\/product"}],"about":[{"href":"https:\/\/www.livrariarema.com.br\/loja\/wp-json\/wp\/v2\/types\/product"}],"replies":[{"embeddable":true,"href":"https:\/\/www.livrariarema.com.br\/loja\/wp-json\/wp\/v2\/comments?post=51307"}],"wp:featuredmedia":[{"embeddable":true,"href":"https:\/\/www.livrariarema.com.br\/loja\/wp-json\/wp\/v2\/media\/345028"}],"wp:attachment":[{"href":"https:\/\/www.livrariarema.com.br\/loja\/wp-json\/wp\/v2\/media?parent=51307"}],"wp:term":[{"taxonomy":"product_cat","embeddable":true,"href":"https:\/\/www.livrariarema.com.br\/loja\/wp-json\/wp\/v2\/product_cat?post=51307"},{"taxonomy":"product_tag","embeddable":true,"href":"https:\/\/www.livrariarema.com.br\/loja\/wp-json\/wp\/v2\/product_tag?post=51307"}],"curies":[{"name":"wp","href":"https:\/\/api.w.org\/{rel}","templated":true}]}}