{"id":51339,"date":"2021-01-21T16:26:44","date_gmt":"2021-01-21T19:26:44","guid":{"rendered":"https:\/\/www.livrariarema.com.br\/loja\/produtos\/sem%20categoria\/sermao-do-monte-o-john-wesley\/"},"modified":"2026-03-07T14:07:35","modified_gmt":"2026-03-07T17:07:35","slug":"sermao-do-monte-o-john-wesley","status":"publish","type":"product","link":"https:\/\/www.livrariarema.com.br\/loja\/produtos\/livros\/teologia\/sermao-do-monte-o-john-wesley\/","title":{"rendered":"Serm\u00e3o Do Monte, O &#8211; John Wesley"},"content":{"rendered":"<p>O Serm\u00e3o do Monte &#8211; John Wesley<\/p>\n<p>Depois da emocionante experi\u00eancia na rua Aldersgate, em Londres, em que John Wesley sentiu &#8220;o cora\u00e7\u00e3o estranhamente aquecido&#8221;, ficou encantado com a prega\u00e7\u00e3o e o ensino de Jesus no Serm\u00e3o do Monte. Considerou esse Serm\u00e3o com muita seriedade e dedicou a vida para seguir seus preceitos, como enfatiza com muita clareza esta obra cl\u00e1ssica.<\/p>\n<p>Trinta por cento dos serm\u00f5es doutrin\u00e1rios de John Wesley, 13 dos 44, tratam do Serm\u00e3o do Monte. John Wesley come\u00e7ou a trabalhar em seus serm\u00f5es-coment\u00e1rios sobre o Serm\u00e3o do Monte em 1735. Em 1750, j\u00e1 havia escrito e publicado todos os 13. Durante aqueles 15 anos, ele renasceu e pregava ao ar livre o novo nascimento com o Esp\u00edrito Santo a milhares de trabalhadores ingleses n\u00e3o convertidos.<\/p>\n<p>Estes 13 discursos, cuja verdade e efici\u00eancia foram atestadas pelos resultados do minist\u00e9rio de Wesley, est\u00e3o agora \u00e0 sua disposi\u00e7\u00e3o &#8211; extra\u00eddos dos Standard Sermons de John Wesley e editados em linguagem acess\u00edvel ao leitor moderno.<\/p>\n<p>O autor \u00e9 n\u00e3o outro sen\u00e3o o pr\u00f3prio Jesus, para alguns considerado mito, fraude, blasfemo e revolucion\u00e1rio, mas revelado aqui Professor, Mestre, Senhor, Filho de Deus e Deus. N\u00e3o importa como Jesus \u00e9 chamado ou compreendido, o Serm\u00e3o do Monte d\u00e1 provas de seu conhecimento singular tanto de Deus como do homem. Mesmo os que mais duvidaram dele precisam admitir a genialidade de seu Serm\u00e3o.<\/p>\n","protected":false},"excerpt":{"rendered":"<p>O Serm\u00e3o do Monte &#8211; John Wesley Depois da emocionante experi\u00eancia na rua Aldersgate, em Londres, em que John Wesley&hellip;<\/p>\n","protected":false},"featured_media":345942,"comment_status":"open","ping_status":"closed","template":"","meta":[],"product_cat":[134,136],"product_tag":[],"_links":{"self":[{"href":"https:\/\/www.livrariarema.com.br\/loja\/wp-json\/wp\/v2\/product\/51339"}],"collection":[{"href":"https:\/\/www.livrariarema.com.br\/loja\/wp-json\/wp\/v2\/product"}],"about":[{"href":"https:\/\/www.livrariarema.com.br\/loja\/wp-json\/wp\/v2\/types\/product"}],"replies":[{"embeddable":true,"href":"https:\/\/www.livrariarema.com.br\/loja\/wp-json\/wp\/v2\/comments?post=51339"}],"wp:featuredmedia":[{"embeddable":true,"href":"https:\/\/www.livrariarema.com.br\/loja\/wp-json\/wp\/v2\/media\/345942"}],"wp:attachment":[{"href":"https:\/\/www.livrariarema.com.br\/loja\/wp-json\/wp\/v2\/media?parent=51339"}],"wp:term":[{"taxonomy":"product_cat","embeddable":true,"href":"https:\/\/www.livrariarema.com.br\/loja\/wp-json\/wp\/v2\/product_cat?post=51339"},{"taxonomy":"product_tag","embeddable":true,"href":"https:\/\/www.livrariarema.com.br\/loja\/wp-json\/wp\/v2\/product_tag?post=51339"}],"curies":[{"name":"wp","href":"https:\/\/api.w.org\/{rel}","templated":true}]}}