{"id":51402,"date":"2021-01-21T16:28:47","date_gmt":"2021-01-21T19:28:47","guid":{"rendered":"https:\/\/www.livrariarema.com.br\/loja\/produtos\/sem%20categoria\/comentarios-expositivos-romanos-hernandes-dias-lopes\/"},"modified":"2026-03-13T16:54:54","modified_gmt":"2026-03-13T19:54:54","slug":"comentarios-expositivos-romanos-hernandes-dias-lopes","status":"publish","type":"product","link":"https:\/\/www.livrariarema.com.br\/loja\/produtos\/livros\/comentario-biblico\/comentarios-expositivos-romanos-hernandes-dias-lopes\/","title":{"rendered":"Coment\u00e1rios Expositivos &#8211; Romanos &#8211; Hernandes Dias Lopes"},"content":{"rendered":"<p>A carta aos Romanos \u00e9 uma verdadeira enciclop\u00e9dia teol\u00f3gica. Nesta carta Paulo prova com argumentos irresist\u00edveis a universalidade do pecado, a justifica\u00e7\u00e3o pela f\u00e9, a santifica\u00e7\u00e3odo Esp\u00edrito e a elei\u00e7\u00e3o da gra\u00e7a. <\/p>\n<p>Romanos \u00e9, tamb\u00e9m, uma carta pr\u00e1tica, cuja mensagem exalta a Deus e traz esperan\u00e7a para o homem. <\/p>\n<p>A carta aos Romanos descortinar\u00e1 essas sublimes verdades, tomando-nos pela m\u00e3o e conduzindo-nos pelas veredas das doutrinas da gra\u00e7a. <\/p>\n<p>Estudar esta carta \u00e9 como matricular-se na escola superior do Esp\u00edrito Santo e aprender as verdades mais profundas e mais importantes do cristianismo.<\/p>\n","protected":false},"excerpt":{"rendered":"<p>A carta aos Romanos \u00e9 uma verdadeira enciclop\u00e9dia teol\u00f3gica. Nesta carta Paulo prova com argumentos irresist\u00edveis a universalidade do pecado,&hellip;<\/p>\n","protected":false},"featured_media":346110,"comment_status":"open","ping_status":"closed","template":"","meta":[],"product_cat":[164,134],"product_tag":[],"_links":{"self":[{"href":"https:\/\/www.livrariarema.com.br\/loja\/wp-json\/wp\/v2\/product\/51402"}],"collection":[{"href":"https:\/\/www.livrariarema.com.br\/loja\/wp-json\/wp\/v2\/product"}],"about":[{"href":"https:\/\/www.livrariarema.com.br\/loja\/wp-json\/wp\/v2\/types\/product"}],"replies":[{"embeddable":true,"href":"https:\/\/www.livrariarema.com.br\/loja\/wp-json\/wp\/v2\/comments?post=51402"}],"wp:featuredmedia":[{"embeddable":true,"href":"https:\/\/www.livrariarema.com.br\/loja\/wp-json\/wp\/v2\/media\/346110"}],"wp:attachment":[{"href":"https:\/\/www.livrariarema.com.br\/loja\/wp-json\/wp\/v2\/media?parent=51402"}],"wp:term":[{"taxonomy":"product_cat","embeddable":true,"href":"https:\/\/www.livrariarema.com.br\/loja\/wp-json\/wp\/v2\/product_cat?post=51402"},{"taxonomy":"product_tag","embeddable":true,"href":"https:\/\/www.livrariarema.com.br\/loja\/wp-json\/wp\/v2\/product_tag?post=51402"}],"curies":[{"name":"wp","href":"https:\/\/api.w.org\/{rel}","templated":true}]}}