{"id":51405,"date":"2021-01-21T16:28:52","date_gmt":"2021-01-21T19:28:52","guid":{"rendered":"https:\/\/www.livrariarema.com.br\/loja\/produtos\/sem%20categoria\/comentarios-expositivos-1-2-3-joao-hernandes-dias-lopes\/"},"modified":"2026-03-13T16:55:29","modified_gmt":"2026-03-13T19:55:29","slug":"comentarios-expositivos-1-2-3-joao-hernandes-dias-lopes","status":"publish","type":"product","link":"https:\/\/www.livrariarema.com.br\/loja\/produtos\/livros\/comentario-biblico\/comentarios-expositivos-1-2-3-joao-hernandes-dias-lopes\/","title":{"rendered":"Coment\u00e1rios  Expositivos &#8211; 1, 2, 3 Jo\u00e3o &#8211; Hernandes Dias Lopes"},"content":{"rendered":"<p>O Evangelho de Jo\u00e3o foi escrito para que as pessoas cressem que Jesus \u00e9 o Cristo, o Filho de Deus, e para que, crendo, pudessem ter vida em seu nome. <\/p>\n<p>A Primeira Carta foi escrita com o prop\u00f3sito de dar garantia aos que creram em Cristo acerca da certeza da salva\u00e7\u00e3o. <\/p>\n<p>A Segunda Carta foi escrita para alertar a igreja sobre o perigo dos falsos mestres e a Terceira Carta para alertar a igreja sobre o perigo dos falsos l\u00edderes. <\/p>\n<p>Tamb\u00e9m Hernandes Dias Lopes nos apresenta provas irrefut\u00e1veis contidas nestas cartas que identificam o identificam o individuo verdadeiramente salvo.<\/p>\n","protected":false},"excerpt":{"rendered":"<p>O Evangelho de Jo\u00e3o foi escrito para que as pessoas cressem que Jesus \u00e9 o Cristo, o Filho de Deus,&hellip;<\/p>\n","protected":false},"featured_media":346111,"comment_status":"open","ping_status":"closed","template":"","meta":[],"product_cat":[164,134],"product_tag":[],"_links":{"self":[{"href":"https:\/\/www.livrariarema.com.br\/loja\/wp-json\/wp\/v2\/product\/51405"}],"collection":[{"href":"https:\/\/www.livrariarema.com.br\/loja\/wp-json\/wp\/v2\/product"}],"about":[{"href":"https:\/\/www.livrariarema.com.br\/loja\/wp-json\/wp\/v2\/types\/product"}],"replies":[{"embeddable":true,"href":"https:\/\/www.livrariarema.com.br\/loja\/wp-json\/wp\/v2\/comments?post=51405"}],"wp:featuredmedia":[{"embeddable":true,"href":"https:\/\/www.livrariarema.com.br\/loja\/wp-json\/wp\/v2\/media\/346111"}],"wp:attachment":[{"href":"https:\/\/www.livrariarema.com.br\/loja\/wp-json\/wp\/v2\/media?parent=51405"}],"wp:term":[{"taxonomy":"product_cat","embeddable":true,"href":"https:\/\/www.livrariarema.com.br\/loja\/wp-json\/wp\/v2\/product_cat?post=51405"},{"taxonomy":"product_tag","embeddable":true,"href":"https:\/\/www.livrariarema.com.br\/loja\/wp-json\/wp\/v2\/product_tag?post=51405"}],"curies":[{"name":"wp","href":"https:\/\/api.w.org\/{rel}","templated":true}]}}