{"id":51421,"date":"2021-01-21T16:29:26","date_gmt":"2021-01-21T19:29:26","guid":{"rendered":"https:\/\/www.livrariarema.com.br\/loja\/produtos\/sem%20categoria\/voce-nao-esta-sozinho-max-lucado\/"},"modified":"2026-02-25T16:01:29","modified_gmt":"2026-02-25T19:01:29","slug":"voce-nao-esta-sozinho-max-lucado","status":"publish","type":"product","link":"https:\/\/www.livrariarema.com.br\/loja\/produtos\/livros\/vida-crista\/voce-nao-esta-sozinho-max-lucado\/","title":{"rendered":"Voc\u00ea N\u00e3o Est\u00e1 Sozinho &#8211; Max Lucado"},"content":{"rendered":"<p>VOC\u00ca ACREDITA QUE SUA DOR \u00c9 PIOR QUE A DOS OUTROS?\u00c9 DEFINIDO PELO TAMANHO DA SUA FORTUNA?OU PENSA QUE SUA FAMA NUNCA ACABAR\u00c1?ANTES DE RESPONDER SIM A ESSAS PERGUNTAS, PENSE NA PODEROSA MENSAGEM DE DEUS: N\u00c3O SE TRATA S\u00d3 DE VOC\u00ca.<br \/>\nQuanto de nosso tempo e esfor\u00e7o empregamos pensando em n\u00f3s mesmos, em nossas qualidades, comparando-nos uns com os outros e fazendo tudo do nosso jeito? <br \/>\nMesmo nas ora\u00e7\u00f5es, pedimos por merecidas promo\u00e7\u00f5es, mais reconhecimento ou vantagens. Talvez seja uma surpresa para alguns, mas precisamos admitir: o mundo n\u00e3o gira ao nosso redor.\u00c9 o ego\u00edsmo blindando nosso cora\u00e7\u00e3o, nos deixando de fora de uma vida entrada em Deus. <br \/>\nNosso superfortalecido ego n\u00e3o nos deixa ver que a felicidade n\u00e3o est\u00e1 nos bens que possu\u00edmos ou na posi\u00e7\u00e3o que ocupamos. Neste livro, Max Lucado mostra que tirar o foco de n\u00f3s mesmos e volt\u00e1-lo para Deus \u00e9 a \u00fanica forma de resgatar uma vida plenamente feliz e enfrentar desafios e dores a que n\u00e3o estamos imunes. <br \/>\nVeja sua exist\u00eancia com os olhos do altru\u00edsmo e entre em sintonia com os prop\u00f3sitos elevados que Deus reservou para toda a sua cria\u00e7\u00e3o.<\/p>\n","protected":false},"excerpt":{"rendered":"<p>VOC\u00ca ACREDITA QUE SUA DOR \u00c9 PIOR QUE A DOS OUTROS?\u00c9 DEFINIDO PELO TAMANHO DA SUA FORTUNA?OU PENSA QUE SUA&hellip;<\/p>\n","protected":false},"featured_media":345459,"comment_status":"open","ping_status":"closed","template":"","meta":[],"product_cat":[134,137],"product_tag":[],"_links":{"self":[{"href":"https:\/\/www.livrariarema.com.br\/loja\/wp-json\/wp\/v2\/product\/51421"}],"collection":[{"href":"https:\/\/www.livrariarema.com.br\/loja\/wp-json\/wp\/v2\/product"}],"about":[{"href":"https:\/\/www.livrariarema.com.br\/loja\/wp-json\/wp\/v2\/types\/product"}],"replies":[{"embeddable":true,"href":"https:\/\/www.livrariarema.com.br\/loja\/wp-json\/wp\/v2\/comments?post=51421"}],"wp:featuredmedia":[{"embeddable":true,"href":"https:\/\/www.livrariarema.com.br\/loja\/wp-json\/wp\/v2\/media\/345459"}],"wp:attachment":[{"href":"https:\/\/www.livrariarema.com.br\/loja\/wp-json\/wp\/v2\/media?parent=51421"}],"wp:term":[{"taxonomy":"product_cat","embeddable":true,"href":"https:\/\/www.livrariarema.com.br\/loja\/wp-json\/wp\/v2\/product_cat?post=51421"},{"taxonomy":"product_tag","embeddable":true,"href":"https:\/\/www.livrariarema.com.br\/loja\/wp-json\/wp\/v2\/product_tag?post=51421"}],"curies":[{"name":"wp","href":"https:\/\/api.w.org\/{rel}","templated":true}]}}