{"id":51453,"date":"2021-01-21T16:30:32","date_gmt":"2021-01-21T19:30:32","guid":{"rendered":"https:\/\/www.livrariarema.com.br\/loja\/produtos\/sem%20categoria\/rota-52-descubra-o-amor-de-deus-2-a-4-anos\/"},"modified":"2026-02-20T13:27:05","modified_gmt":"2026-02-20T16:27:05","slug":"rota-52-descubra-o-amor-de-deus-2-a-4-anos","status":"publish","type":"product","link":"https:\/\/www.livrariarema.com.br\/loja\/produtos\/livros\/dinamicas\/rota-52-descubra-o-amor-de-deus-2-a-4-anos\/","title":{"rendered":"Rota 52 &#8211; Descubra O Amor De Deus &#8211; 2 A 4 Anos"},"content":{"rendered":"<p>Guie seus alunos numa viagem de um ano atrav\u00e9s da B\u00edblia!<br \/>\nN\u00e3o h\u00e1 nada mais importante do que ensinar nossas crian\u00e7as a terem um relacionamento bem alicer\u00e7ado em Deus, e o melhor jeito de fazermos isso \u00e9 ensinando-lhes a B\u00edblia.<\/p>\n<p>Rota 52 levar\u00e1 crian\u00e7as de 2-4 anos a viajar durante um ano inteiro pela B\u00edblia. Nessa viagem, os alunos aprendem sobre Deus, Jesus e v\u00e1rios homens, mulheres e crian\u00e7as do Antigo e do Novo Testamento. Examinam a hist\u00f3ria, poesia, profecia e as boas novas da Palavra de Deus.<br \/>\nAs atividades manuais relevantes \u00e0 vida di\u00e1ria instigam os alunos a pesquisar o plano de Deus para sua cria\u00e7\u00e3o e descobrir como cada um de n\u00f3s se encaixa nesse plano.<\/p>\n<p>As li\u00e7\u00f5es s\u00e3o desenvolvidas para que as crian\u00e7as trabalhem com todos os sentidos (por exemplo, vis\u00e3o e tato (trabalhos manuais), paladar e olfato (lanches especiais) e audi\u00e7\u00e3o (m\u00fasicas). Assim, cada li\u00e7\u00e3o \u00e9 abordada de todos os \u00e2ngulos para que as crian\u00e7as estejam completamente envolvidas, tornando mais f\u00e1cil o aprendizado.<\/p>\n<p>&#8211; b\u00edblico<br \/>\n&#8211; completo<br \/>\n&#8211; reproduz\u00edvel<br \/>\n&#8211; em um \u00fanico livro<br \/>\n&#8211; rico em aplica\u00e7\u00e3o pr\u00e1tica.<\/p>\n","protected":false},"excerpt":{"rendered":"<p>Guie seus alunos numa viagem de um ano atrav\u00e9s da B\u00edblia! N\u00e3o h\u00e1 nada mais importante do que ensinar nossas&hellip;<\/p>\n","protected":false},"featured_media":345047,"comment_status":"open","ping_status":"closed","template":"","meta":[],"product_cat":[138,134],"product_tag":[],"_links":{"self":[{"href":"https:\/\/www.livrariarema.com.br\/loja\/wp-json\/wp\/v2\/product\/51453"}],"collection":[{"href":"https:\/\/www.livrariarema.com.br\/loja\/wp-json\/wp\/v2\/product"}],"about":[{"href":"https:\/\/www.livrariarema.com.br\/loja\/wp-json\/wp\/v2\/types\/product"}],"replies":[{"embeddable":true,"href":"https:\/\/www.livrariarema.com.br\/loja\/wp-json\/wp\/v2\/comments?post=51453"}],"wp:featuredmedia":[{"embeddable":true,"href":"https:\/\/www.livrariarema.com.br\/loja\/wp-json\/wp\/v2\/media\/345047"}],"wp:attachment":[{"href":"https:\/\/www.livrariarema.com.br\/loja\/wp-json\/wp\/v2\/media?parent=51453"}],"wp:term":[{"taxonomy":"product_cat","embeddable":true,"href":"https:\/\/www.livrariarema.com.br\/loja\/wp-json\/wp\/v2\/product_cat?post=51453"},{"taxonomy":"product_tag","embeddable":true,"href":"https:\/\/www.livrariarema.com.br\/loja\/wp-json\/wp\/v2\/product_tag?post=51453"}],"curies":[{"name":"wp","href":"https:\/\/api.w.org\/{rel}","templated":true}]}}