{"id":51459,"date":"2021-01-21T16:30:44","date_gmt":"2021-01-21T19:30:44","guid":{"rendered":"https:\/\/www.livrariarema.com.br\/loja\/produtos\/sem%20categoria\/hermeneutica-uma-abordagem-multidisciplinar-da-leitura-biblica-elmer-dyck-editor\/"},"modified":"2026-02-24T10:10:29","modified_gmt":"2026-02-24T13:10:29","slug":"hermeneutica-uma-abordagem-multidisciplinar-da-leitura-biblica-elmer-dyck-editor","status":"publish","type":"product","link":"https:\/\/www.livrariarema.com.br\/loja\/produtos\/livros\/teologia\/hermeneutica-uma-abordagem-multidisciplinar-da-leitura-biblica-elmer-dyck-editor\/","title":{"rendered":"Hermen\u00eautica: Uma Abordagem Multidisciplinar &#8211; Elmer Dyck, Editor"},"content":{"rendered":"<p>Editado anteriormente sob o t\u00edtulo Ouvindo a Deus.<\/p>\n<p>Os ensaios nesse volume representam alguns dos melhores aux\u00edlios \u00e0 disposi\u00e7\u00e3o daqueles que desejam crescer no conhecimento das Escrituras. Os escritores desses ensaios abordam temas como: Hist\u00f3ria, C\u00e2non, Teologia, Sociologia, Hermen\u00eautica Secular Moderna e P\u00f3s-Modernismo e Espiritualidade. Autores: Eugene Peterson, Gordon D. Fee, Craig M. Gay, James Houston, J. I. Packer, Loren Wilkinson.<\/p>\n","protected":false},"excerpt":{"rendered":"<p>Editado anteriormente sob o t\u00edtulo Ouvindo a Deus. Os ensaios nesse volume representam alguns dos melhores aux\u00edlios \u00e0 disposi\u00e7\u00e3o daqueles&hellip;<\/p>\n","protected":false},"featured_media":345053,"comment_status":"open","ping_status":"closed","template":"","meta":[],"product_cat":[134,136],"product_tag":[],"_links":{"self":[{"href":"https:\/\/www.livrariarema.com.br\/loja\/wp-json\/wp\/v2\/product\/51459"}],"collection":[{"href":"https:\/\/www.livrariarema.com.br\/loja\/wp-json\/wp\/v2\/product"}],"about":[{"href":"https:\/\/www.livrariarema.com.br\/loja\/wp-json\/wp\/v2\/types\/product"}],"replies":[{"embeddable":true,"href":"https:\/\/www.livrariarema.com.br\/loja\/wp-json\/wp\/v2\/comments?post=51459"}],"wp:featuredmedia":[{"embeddable":true,"href":"https:\/\/www.livrariarema.com.br\/loja\/wp-json\/wp\/v2\/media\/345053"}],"wp:attachment":[{"href":"https:\/\/www.livrariarema.com.br\/loja\/wp-json\/wp\/v2\/media?parent=51459"}],"wp:term":[{"taxonomy":"product_cat","embeddable":true,"href":"https:\/\/www.livrariarema.com.br\/loja\/wp-json\/wp\/v2\/product_cat?post=51459"},{"taxonomy":"product_tag","embeddable":true,"href":"https:\/\/www.livrariarema.com.br\/loja\/wp-json\/wp\/v2\/product_tag?post=51459"}],"curies":[{"name":"wp","href":"https:\/\/api.w.org\/{rel}","templated":true}]}}