{"id":51497,"date":"2021-01-21T16:33:20","date_gmt":"2021-01-21T19:33:20","guid":{"rendered":"https:\/\/www.livrariarema.com.br\/loja\/produtos\/sem%20categoria\/ea983hpi-antigo-testamento-interlinear-hebraico-portugues-vol-1\/"},"modified":"2025-12-08T12:58:14","modified_gmt":"2025-12-08T15:58:14","slug":"ea983hpi-antigo-testamento-interlinear-hebraico-portugues-vol-1","status":"publish","type":"product","link":"https:\/\/www.livrariarema.com.br\/loja\/produtos\/biblias\/outros-idiomas\/ea983hpi-antigo-testamento-interlinear-hebraico-portugues-vol-1\/","title":{"rendered":"Ea983hpi &#8211; Antigo Testamento Interlinear Hebraico-Portugues &#8211; Vol. 1"},"content":{"rendered":"<p>Esta publica\u00e7\u00e3o \u00e9 o primeiro volume de uma edi\u00e7\u00e3o interlinear do Antigo Testamento, que apresenta uma tradu\u00e7\u00e3o literal do texto original para o portugu\u00eas. A publica\u00e7\u00e3o procura traduzir, literalmente, cada palavra e cada express\u00e3o do texto hebraico para o portugu\u00eas, seguindo seu sentido original.<\/p>\n<p>   O texto base utilizado nesta publica\u00e7\u00e3o \u00e9 a Biblia Hebraica Stuttgartensia (BHS). Al\u00e9m de uma tradu\u00e7\u00e3o literal, o ATI apresenta outras duas tradu\u00e7\u00f5es em portugu\u00eas: uma vers\u00e3o de equival\u00eancia formal (Almeida Revista e Atualizada), e uma vers\u00e3o de equival\u00eancia funcional (Nova Tradu\u00e7\u00e3o na Linguagem de Hoje).     <\/p>\n<p>  A sequ\u00eancia adotada para os livros \u00e9 a da BHS, dividindo o texto em quatro tomos: Pentateuco, Profetas Anteriores, Profetas Posteriores e Escritos. Cada um deles possui como ap\u00eandice um coment\u00e1rio sobre as principais dificuldades encontradas ao longo do processo de elabora\u00e7\u00e3o do Antigo Testamento Interlinear.     <\/p>\n<p>    Esta obra pode ser utilizada nos estudos acad\u00eamicos, na elabora\u00e7\u00e3o de estudos religiosos ou na prepara\u00e7\u00e3o de prega\u00e7\u00f5es.<\/p>\n<p><b>Recursos:<\/b><\/p>\n<p>&#8211; Volume 1: Pentateuco (G\u00eanesis a Deuteron\u00f4mio)<br \/>\n&#8211; Texto hebraico: Biblia Hebraica Stuttgartensia<br \/>\n&#8211; Tradu\u00e7\u00e3o literal do hebraico, por Edson de Faria Francisco<br \/>\n&#8211; Textos b\u00edblicos em portugu\u00eas: Tradu\u00e7\u00e3o de Almeida Revista e Atualizada; Nova Tradu\u00e7\u00e3o na Linguagem de Hoje<br \/>\n&#8211; A l\u00edngua hebraica do Antigo Testamento<br \/>\n&#8211; Dificuldades textuais<\/p>\n","protected":false},"excerpt":{"rendered":"<p>Esta publica\u00e7\u00e3o \u00e9 o primeiro volume de uma edi\u00e7\u00e3o interlinear do Antigo Testamento, que apresenta uma tradu\u00e7\u00e3o literal do texto&hellip;<\/p>\n","protected":false},"featured_media":332700,"comment_status":"open","ping_status":"closed","template":"","meta":[],"product_cat":[139,141],"product_tag":[],"_links":{"self":[{"href":"https:\/\/www.livrariarema.com.br\/loja\/wp-json\/wp\/v2\/product\/51497"}],"collection":[{"href":"https:\/\/www.livrariarema.com.br\/loja\/wp-json\/wp\/v2\/product"}],"about":[{"href":"https:\/\/www.livrariarema.com.br\/loja\/wp-json\/wp\/v2\/types\/product"}],"replies":[{"embeddable":true,"href":"https:\/\/www.livrariarema.com.br\/loja\/wp-json\/wp\/v2\/comments?post=51497"}],"wp:featuredmedia":[{"embeddable":true,"href":"https:\/\/www.livrariarema.com.br\/loja\/wp-json\/wp\/v2\/media\/332700"}],"wp:attachment":[{"href":"https:\/\/www.livrariarema.com.br\/loja\/wp-json\/wp\/v2\/media?parent=51497"}],"wp:term":[{"taxonomy":"product_cat","embeddable":true,"href":"https:\/\/www.livrariarema.com.br\/loja\/wp-json\/wp\/v2\/product_cat?post=51497"},{"taxonomy":"product_tag","embeddable":true,"href":"https:\/\/www.livrariarema.com.br\/loja\/wp-json\/wp\/v2\/product_tag?post=51497"}],"curies":[{"name":"wp","href":"https:\/\/api.w.org\/{rel}","templated":true}]}}