{"id":51572,"date":"2021-01-21T16:35:14","date_gmt":"2021-01-21T19:35:14","guid":{"rendered":"https:\/\/www.livrariarema.com.br\/loja\/produtos\/sem%20categoria\/minhas-ultimas-palavras-billy-graham\/"},"modified":"2026-04-16T12:23:21","modified_gmt":"2026-04-16T15:23:21","slug":"minhas-ultimas-palavras-billy-graham","status":"publish","type":"product","link":"https:\/\/www.livrariarema.com.br\/loja\/produtos\/livros\/biografia\/minhas-ultimas-palavras-billy-graham\/","title":{"rendered":"Minhas \u00daltimas Palavras &#8211; Billy Graham"},"content":{"rendered":"<p>Billy Graham Minhas \u00daltimas Palavras<\/p>\n<p>Certo dia, em Madras, um estudante hindu me disse:<br \/>\n&#8220;Eu me tornarei um crist\u00e3o no dia em que encontrar um de verdade.&#8221;<br \/>\nE, quando me disse aquilo, ele estava olhando para mim.<br \/>\nEsse foi um dos maiores serm\u00f5es que algu\u00e9m j\u00e1 pregou para mim.<br \/>\n&#8211; Billy Graham<\/p>\n<p>O pastor da Am\u00e9rica vai para casa<\/p>\n<p>Billy Graham foi talvez a mais importante figura religiosa do s\u00e9culo XX, e o movimento e as organiza\u00e7\u00f5es que ele ajudou a criar continuam desempenhando um papel relevante no s\u00e9culo XXI. Durante toda a vida, Graham pregou para mais de 200 milh\u00f5es de pessoas pessoalmente, e a outros tantos milh\u00f5es atrav\u00e9s da televis\u00e3o, via sat\u00e9lite e em filmes. Quase 3 milh\u00f5es de pessoas atenderam ao apelo de &#8220;aceitar Jesus em seu cora\u00e7\u00e3o&#8221;, que ele fazia ao final de seus serm\u00f5es. Em toda a Hist\u00f3ria, nenhum outro pregador proclamou o evangelho a mais pessoas que ele. Por tudo isso, ele se tornou o &#8220;pastor da Am\u00e9rica&#8221;, participando de cerim\u00f4nias de posse de presidentes e discursando em momentos de crise nacional.<\/p>\n<p>Em muitos aspectos, Billy Graham formou e personificou o movimento evang\u00e9lico. O te\u00f3logo J. I. Packer atribui a &#8220;converg\u00eancia&#8221; evang\u00e9lica a Graham: &#8220;At\u00e9 1940, era cada um por si. N\u00e3o havia nenhum sinal de unidade. Existiam alguns focos de resist\u00eancia tentando firmar-se diante da avalanche liberal. Da d\u00e9cada de 1950 em diante, contudo, os evang\u00e9licos se uniram cada vez mais em torno de Billy Graham e de tudo o que ele representava e defendia. Come\u00e7ou naquela \u00e9poca e continua assim at\u00e9 hoje&#8221;.<\/p>\n<p>Para muitos, William Franklin Graham, ou &#8220;Billy&#8221;, como preferia ser chamado, ser\u00e1 lembrado por sua humildade diante do Todo-poderoso que incentivou milh\u00f5es de pessoas a se aproximarem de Deus com o mesmo esp\u00edrito. Que este livro, que expressa de tantas formas as \u00faltimas palavras que ele nos deixou, possa encorajar voc\u00ea a fazer o mesmo.<br \/>\n&#8211; Marshal Shelley<br \/>\nVice-presidente de Christianity Today<\/p>\n","protected":false},"excerpt":{"rendered":"<p>Billy Graham Minhas \u00daltimas Palavras Certo dia, em Madras, um estudante hindu me disse: &#8220;Eu me tornarei um crist\u00e3o no&hellip;<\/p>\n","protected":false},"featured_media":345943,"comment_status":"open","ping_status":"closed","template":"","meta":[],"product_cat":[181,134],"product_tag":[],"_links":{"self":[{"href":"https:\/\/www.livrariarema.com.br\/loja\/wp-json\/wp\/v2\/product\/51572"}],"collection":[{"href":"https:\/\/www.livrariarema.com.br\/loja\/wp-json\/wp\/v2\/product"}],"about":[{"href":"https:\/\/www.livrariarema.com.br\/loja\/wp-json\/wp\/v2\/types\/product"}],"replies":[{"embeddable":true,"href":"https:\/\/www.livrariarema.com.br\/loja\/wp-json\/wp\/v2\/comments?post=51572"}],"wp:featuredmedia":[{"embeddable":true,"href":"https:\/\/www.livrariarema.com.br\/loja\/wp-json\/wp\/v2\/media\/345943"}],"wp:attachment":[{"href":"https:\/\/www.livrariarema.com.br\/loja\/wp-json\/wp\/v2\/media?parent=51572"}],"wp:term":[{"taxonomy":"product_cat","embeddable":true,"href":"https:\/\/www.livrariarema.com.br\/loja\/wp-json\/wp\/v2\/product_cat?post=51572"},{"taxonomy":"product_tag","embeddable":true,"href":"https:\/\/www.livrariarema.com.br\/loja\/wp-json\/wp\/v2\/product_tag?post=51572"}],"curies":[{"name":"wp","href":"https:\/\/api.w.org\/{rel}","templated":true}]}}