{"id":51596,"date":"2021-01-21T16:35:33","date_gmt":"2021-01-21T19:35:33","guid":{"rendered":"https:\/\/www.livrariarema.com.br\/loja\/produtos\/sem%20categoria\/biblia-de-estudo-joyce-meyer-azul-tiffany\/"},"modified":"2026-01-02T13:51:10","modified_gmt":"2026-01-02T16:51:10","slug":"biblia-de-estudo-joyce-meyer-azul-tiffany","status":"publish","type":"product","link":"https:\/\/www.livrariarema.com.br\/loja\/produtos\/biblias\/estudo-feminina\/biblia-de-estudo-joyce-meyer-azul-tiffany\/","title":{"rendered":"Biblia De Estudo Joyce Meyer &#8211; Azul Tiffany"},"content":{"rendered":"<p>Esta B\u00edblia de Estudo Joyce Meyer \u00e9 um instrumento para voc\u00ea entender e apreciar a B\u00edblia verdadeiramente quanto Joyce Meyer. A sua sabedoria da B\u00edblia \u00e9 resultado de an\u00e1lises profundas, e o seu amor por conectar a Palavra de Deus diretamente com a sua vida di\u00e1ria s\u00e3o parceiros fascinantes que Joyce Meyer inclui \u00e0 leitura da Nova Vers\u00e3o Internacional da B\u00edblia. A B\u00edblia pode ser de dif\u00edcil leitura e compreens\u00e3o. Seu objetivo ao oferecer a voc\u00ea uma B\u00edblia exclusiva com suas notas e coment\u00e1rios \u00e9 construir pontes s\u00f3lidas entre as palavras da B\u00edblia e a sua vida di\u00e1ria.<\/p>\n<p>A B\u00edblia possui:<\/p>\n<p>Como receber Jesus como Seu Senhor Salvador<br \/>\n\u00cdndice de Artigos para a Vida Di\u00e1ria<br \/>\n\u00cdndice de Aplica\u00e7\u00e3o para a Vida<br \/>\n\u00cdndice de Declare a Palavra<br \/>\n\u00cdndice de Colocando a Palavra em A\u00e7\u00e3o<br \/>\nA Palavra para sua vida di\u00e1ria<\/p>\n","protected":false},"excerpt":{"rendered":"<p>Esta B\u00edblia de Estudo Joyce Meyer \u00e9 um instrumento para voc\u00ea entender e apreciar a B\u00edblia verdadeiramente quanto Joyce Meyer.&hellip;<\/p>\n","protected":false},"featured_media":339372,"comment_status":"open","ping_status":"closed","template":"","meta":[],"product_cat":[139,175],"product_tag":[],"_links":{"self":[{"href":"https:\/\/www.livrariarema.com.br\/loja\/wp-json\/wp\/v2\/product\/51596"}],"collection":[{"href":"https:\/\/www.livrariarema.com.br\/loja\/wp-json\/wp\/v2\/product"}],"about":[{"href":"https:\/\/www.livrariarema.com.br\/loja\/wp-json\/wp\/v2\/types\/product"}],"replies":[{"embeddable":true,"href":"https:\/\/www.livrariarema.com.br\/loja\/wp-json\/wp\/v2\/comments?post=51596"}],"wp:featuredmedia":[{"embeddable":true,"href":"https:\/\/www.livrariarema.com.br\/loja\/wp-json\/wp\/v2\/media\/339372"}],"wp:attachment":[{"href":"https:\/\/www.livrariarema.com.br\/loja\/wp-json\/wp\/v2\/media?parent=51596"}],"wp:term":[{"taxonomy":"product_cat","embeddable":true,"href":"https:\/\/www.livrariarema.com.br\/loja\/wp-json\/wp\/v2\/product_cat?post=51596"},{"taxonomy":"product_tag","embeddable":true,"href":"https:\/\/www.livrariarema.com.br\/loja\/wp-json\/wp\/v2\/product_tag?post=51596"}],"curies":[{"name":"wp","href":"https:\/\/api.w.org\/{rel}","templated":true}]}}