{"id":51629,"date":"2021-01-21T16:36:04","date_gmt":"2021-01-21T19:36:04","guid":{"rendered":"https:\/\/www.livrariarema.com.br\/loja\/produtos\/sem%20categoria\/nao-ande-ansioso-por-coisa-alguma-joyce-meyer\/"},"modified":"2025-12-23T12:01:10","modified_gmt":"2025-12-23T15:01:10","slug":"nao-ande-ansioso-por-coisa-alguma-joyce-meyer","status":"publish","type":"product","link":"https:\/\/www.livrariarema.com.br\/loja\/produtos\/livros\/cura-libertacao\/nao-ande-ansioso-por-coisa-alguma-joyce-meyer\/","title":{"rendered":"N\u00e3o Ande Ansioso Por Coisa Alguma &#8211; Joyce Meyer"},"content":{"rendered":"<p>Tempos dif\u00edceis, prova\u00e7\u00f5es e tribula\u00e7\u00f5es fazem parte da vida neste mundo. Entretanto, Deus providenciou uma maneira de desfrutarmos a paz como parte do nosso viver di\u00e1rio. Podemos escolher entre nos permitirmos ficar sobrecarregados de preocupa\u00e7\u00e3o e ansiedade ou viver na paz e na alegria que o Pai pretende que vivamos. Em N\u00e3o Ande Ansioso por Coisa Alguma, a autora de best-sellers Joyce Meyer nos ensina como buscar a paz de Deus em meio \u00e0s circunst\u00e2ncias negativas, em vez de reagirmos como muitas pessoas no mundo fazem: com inquieta\u00e7\u00e3o, medo e apreens\u00e3o. Ela revela a natureza da paz que Jesus descreve em Jo\u00e3o 14:27 \u00b6 diferente de qualquer coisa que o mundo conhece \u00b6 e como ela pode preencher todas as \u00e1reas da vida. Joyce Meyer explica por que devemos e como podemos seguir estes passos: &#8221; Trocar a nossa ansiedade e a nossa preocupa\u00e7\u00e3o pela paz e a alegria &#8221; Desenvolver uma atitude de f\u00e9 como a de uma crian\u00e7a &#8221; Descansar nos bra\u00e7os do Senhor &#8221; E muito mais! Voc\u00ea desenvolver\u00e1 um relacionamento mais profundo e significativo com o seu Pai Celestial \u00e0 medida que entender como Ele se importa com voc\u00ea. Ao seguir a dire\u00e7\u00e3o do Esp\u00edrito Santo, sua vida ser\u00e1 cheia de uma esperan\u00e7a ilimitada e transbordar\u00e1 com a Sua paz, para que voc\u00ea finalmente N\u00e3o Ande Ansioso por Coisa Alguma!<\/p>\n","protected":false},"excerpt":{"rendered":"<p>Tempos dif\u00edceis, prova\u00e7\u00f5es e tribula\u00e7\u00f5es fazem parte da vida neste mundo. Entretanto, Deus providenciou uma maneira de desfrutarmos a paz&hellip;<\/p>\n","protected":false},"featured_media":308496,"comment_status":"open","ping_status":"closed","template":"","meta":[],"product_cat":[157,134],"product_tag":[],"_links":{"self":[{"href":"https:\/\/www.livrariarema.com.br\/loja\/wp-json\/wp\/v2\/product\/51629"}],"collection":[{"href":"https:\/\/www.livrariarema.com.br\/loja\/wp-json\/wp\/v2\/product"}],"about":[{"href":"https:\/\/www.livrariarema.com.br\/loja\/wp-json\/wp\/v2\/types\/product"}],"replies":[{"embeddable":true,"href":"https:\/\/www.livrariarema.com.br\/loja\/wp-json\/wp\/v2\/comments?post=51629"}],"wp:featuredmedia":[{"embeddable":true,"href":"https:\/\/www.livrariarema.com.br\/loja\/wp-json\/wp\/v2\/media\/308496"}],"wp:attachment":[{"href":"https:\/\/www.livrariarema.com.br\/loja\/wp-json\/wp\/v2\/media?parent=51629"}],"wp:term":[{"taxonomy":"product_cat","embeddable":true,"href":"https:\/\/www.livrariarema.com.br\/loja\/wp-json\/wp\/v2\/product_cat?post=51629"},{"taxonomy":"product_tag","embeddable":true,"href":"https:\/\/www.livrariarema.com.br\/loja\/wp-json\/wp\/v2\/product_tag?post=51629"}],"curies":[{"name":"wp","href":"https:\/\/api.w.org\/{rel}","templated":true}]}}