{"id":51641,"date":"2021-01-21T16:36:15","date_gmt":"2021-01-21T19:36:15","guid":{"rendered":"https:\/\/www.livrariarema.com.br\/loja\/produtos\/sem%20categoria\/vivendo-alem-dos-seus-sentimentos-joyce-meyer\/"},"modified":"2026-01-12T14:24:47","modified_gmt":"2026-01-12T17:24:47","slug":"vivendo-alem-dos-seus-sentimentos-joyce-meyer","status":"publish","type":"product","link":"https:\/\/www.livrariarema.com.br\/loja\/produtos\/livros\/vida-crista\/vivendo-alem-dos-seus-sentimentos-joyce-meyer\/","title":{"rendered":"Vivendo Al\u00e9m Dos Seus Sentimentos &#8211; Joyce Meyer"},"content":{"rendered":"<p>Embora os sentimentos possam ser muito fortes e exigentes, n\u00e3o precisamos permitir que eles governem a nossa vida. Se tivermos de avaliar como nos sentimos antes de saber se podemos desfrutar o nosso dia, ent\u00e3o estaremos dando aos sentimentos o controle sobre n\u00f3s. Mas felizmente temos o livre-arb\u00edtrio e podemos tomar decis\u00f5es que n\u00e3o se baseiam em sentimentos. Se estivermos dispostos a fazer as escolhas certas, independentemente de como nos sentimos, Deus sempre ser\u00e1 fi el para nos dar a for\u00e7a para faz\u00ea-lo.<\/p>\n<p>Se voc\u00ea est\u00e1 pronto para dominar as suas emo\u00e7\u00f5es, este livro \u00e9 para voc\u00ea. Creio que poderei ajud\u00e1-lo a entender alguns dos seus sentimentos, mas entend\u00ea-los n\u00e3o \u00e9 nem de longe t\u00e3o importante quanto control\u00e1los. Tome a decis\u00e3o de n\u00e3o mais permitir que seus sentimentos controlem voc\u00ea.<br \/>\n&#8211; Joyce Meyer, extra\u00eddo da Introdu\u00e7\u00e3o<\/p>\n","protected":false},"excerpt":{"rendered":"<p>Embora os sentimentos possam ser muito fortes e exigentes, n\u00e3o precisamos permitir que eles governem a nossa vida. Se tivermos&hellip;<\/p>\n","protected":false},"featured_media":296220,"comment_status":"open","ping_status":"closed","template":"","meta":[],"product_cat":[134,137],"product_tag":[],"_links":{"self":[{"href":"https:\/\/www.livrariarema.com.br\/loja\/wp-json\/wp\/v2\/product\/51641"}],"collection":[{"href":"https:\/\/www.livrariarema.com.br\/loja\/wp-json\/wp\/v2\/product"}],"about":[{"href":"https:\/\/www.livrariarema.com.br\/loja\/wp-json\/wp\/v2\/types\/product"}],"replies":[{"embeddable":true,"href":"https:\/\/www.livrariarema.com.br\/loja\/wp-json\/wp\/v2\/comments?post=51641"}],"wp:featuredmedia":[{"embeddable":true,"href":"https:\/\/www.livrariarema.com.br\/loja\/wp-json\/wp\/v2\/media\/296220"}],"wp:attachment":[{"href":"https:\/\/www.livrariarema.com.br\/loja\/wp-json\/wp\/v2\/media?parent=51641"}],"wp:term":[{"taxonomy":"product_cat","embeddable":true,"href":"https:\/\/www.livrariarema.com.br\/loja\/wp-json\/wp\/v2\/product_cat?post=51641"},{"taxonomy":"product_tag","embeddable":true,"href":"https:\/\/www.livrariarema.com.br\/loja\/wp-json\/wp\/v2\/product_tag?post=51641"}],"curies":[{"name":"wp","href":"https:\/\/api.w.org\/{rel}","templated":true}]}}