{"id":51676,"date":"2021-01-21T16:36:54","date_gmt":"2021-01-21T19:36:54","guid":{"rendered":"https:\/\/www.livrariarema.com.br\/loja\/produtos\/sem%20categoria\/guerreiras-de-oracao-stormie-omartian\/"},"modified":"2026-01-12T12:34:41","modified_gmt":"2026-01-12T15:34:41","slug":"guerreiras-de-oracao-stormie-omartian","status":"publish","type":"product","link":"https:\/\/www.livrariarema.com.br\/loja\/produtos\/livros\/oracao\/guerreiras-de-oracao-stormie-omartian\/","title":{"rendered":"Guerreiras De Ora\u00e7\u00e3o &#8211; Stormie Omartian"},"content":{"rendered":"<p>Toda a humanidade est\u00e1 envolvida numa grande batalha entre o Bem e o Mal. \u00c9 uma guerra que atinge todos e provoca problemas que v\u00e3o de acidentes, enfermidades e div\u00f3rcios a dificuldades relacionais, profissionais e financeiras. A lista \u00e9 intermin\u00e1vel. Estamos todas envolvidas neste combate espiritual e n\u00e3o podemos ficar alheias a ele. Voc\u00ea j\u00e1 est\u00e1 recrutada por Deus para fazer parte do seu poderoso ex\u00e9rcito e a entrar nesta batalha para lutar como uma vitoriosa guerreira de ora\u00e7\u00e3o.Neste livro, Stormie Omartian, autora de best-sellers, fala sem medo sobre essa realidade espiritual, que tem consequ\u00eancias muito pr\u00e1ticas na vida de todas as pessoas. Com suas orienta\u00e7\u00f5es e seu guia de estudos, ela nos ajuda a reconhecer nosso verdadeiro inimigo e a lutar de forma adequada por meio de poderosas ora\u00e7\u00f5es que bombardear\u00e3o as for\u00e7as do inimigo.<\/p>\n<p>Guerreiras de ora\u00e7\u00e3o vai ajudar voc\u00ea a manejar com maestria as armas que Deus p\u00f4s \u00e0 sua disposi\u00e7\u00e3o para entrar nessa grande batalha espiritual.<\/p>\n","protected":false},"excerpt":{"rendered":"<p>Toda a humanidade est\u00e1 envolvida numa grande batalha entre o Bem e o Mal. \u00c9 uma guerra que atinge todos&hellip;<\/p>\n","protected":false},"featured_media":332566,"comment_status":"open","ping_status":"closed","template":"","meta":[],"product_cat":[134,171],"product_tag":[],"_links":{"self":[{"href":"https:\/\/www.livrariarema.com.br\/loja\/wp-json\/wp\/v2\/product\/51676"}],"collection":[{"href":"https:\/\/www.livrariarema.com.br\/loja\/wp-json\/wp\/v2\/product"}],"about":[{"href":"https:\/\/www.livrariarema.com.br\/loja\/wp-json\/wp\/v2\/types\/product"}],"replies":[{"embeddable":true,"href":"https:\/\/www.livrariarema.com.br\/loja\/wp-json\/wp\/v2\/comments?post=51676"}],"wp:featuredmedia":[{"embeddable":true,"href":"https:\/\/www.livrariarema.com.br\/loja\/wp-json\/wp\/v2\/media\/332566"}],"wp:attachment":[{"href":"https:\/\/www.livrariarema.com.br\/loja\/wp-json\/wp\/v2\/media?parent=51676"}],"wp:term":[{"taxonomy":"product_cat","embeddable":true,"href":"https:\/\/www.livrariarema.com.br\/loja\/wp-json\/wp\/v2\/product_cat?post=51676"},{"taxonomy":"product_tag","embeddable":true,"href":"https:\/\/www.livrariarema.com.br\/loja\/wp-json\/wp\/v2\/product_tag?post=51676"}],"curies":[{"name":"wp","href":"https:\/\/api.w.org\/{rel}","templated":true}]}}