{"id":51686,"date":"2021-01-21T16:37:04","date_gmt":"2021-01-21T19:37:04","guid":{"rendered":"https:\/\/www.livrariarema.com.br\/loja\/produtos\/sem%20categoria\/comentarios-expositivos-1-pedro-hernandes-dias-lopes\/"},"modified":"2026-03-13T16:55:56","modified_gmt":"2026-03-13T19:55:56","slug":"comentarios-expositivos-1-pedro-hernandes-dias-lopes","status":"publish","type":"product","link":"https:\/\/www.livrariarema.com.br\/loja\/produtos\/livros\/comentario-biblico\/comentarios-expositivos-1-pedro-hernandes-dias-lopes\/","title":{"rendered":"Coment\u00e1rios Expositivos &#8211; 1 Pedro &#8211; Hernandes Dias Lopes"},"content":{"rendered":"<p>A Primeira Carta de Pedro \u00e9 uma mensagem consoladora para a igreja contempor\u00e2nea. Pedro se apresenta nesta ep\u00edstola n\u00e3o como chefe da igreja, mas como um presb\u00edtero entre outros presb\u00edteros, que reconhece a Jesus como o Supremo Pastor da igreja, que vir\u00e1 gloriosamente para galardoar as suas ovelhas. O ap\u00f3stolo nos ensina a viver de modo digno de Deus em meio ao sofrimento.<\/p>\n<p>Tamb\u00e9m nos orienta a como nos portar como crist\u00e3os nos diversos relacionamentos, seja com o governo, no \u00e2mbito do trabalho ou nos relacionamentos familiares. A maior inspira\u00e7\u00e3o que temos nessas rela\u00e7\u00f5es para nos posicionarmos de forma adequada \u00e9 que Cristo nos \u00e9 apresentado como nosso modelo.<\/p>\n","protected":false},"excerpt":{"rendered":"<p>A Primeira Carta de Pedro \u00e9 uma mensagem consoladora para a igreja contempor\u00e2nea. Pedro se apresenta nesta ep\u00edstola n\u00e3o como&hellip;<\/p>\n","protected":false},"featured_media":346115,"comment_status":"open","ping_status":"closed","template":"","meta":[],"product_cat":[164,134],"product_tag":[],"_links":{"self":[{"href":"https:\/\/www.livrariarema.com.br\/loja\/wp-json\/wp\/v2\/product\/51686"}],"collection":[{"href":"https:\/\/www.livrariarema.com.br\/loja\/wp-json\/wp\/v2\/product"}],"about":[{"href":"https:\/\/www.livrariarema.com.br\/loja\/wp-json\/wp\/v2\/types\/product"}],"replies":[{"embeddable":true,"href":"https:\/\/www.livrariarema.com.br\/loja\/wp-json\/wp\/v2\/comments?post=51686"}],"wp:featuredmedia":[{"embeddable":true,"href":"https:\/\/www.livrariarema.com.br\/loja\/wp-json\/wp\/v2\/media\/346115"}],"wp:attachment":[{"href":"https:\/\/www.livrariarema.com.br\/loja\/wp-json\/wp\/v2\/media?parent=51686"}],"wp:term":[{"taxonomy":"product_cat","embeddable":true,"href":"https:\/\/www.livrariarema.com.br\/loja\/wp-json\/wp\/v2\/product_cat?post=51686"},{"taxonomy":"product_tag","embeddable":true,"href":"https:\/\/www.livrariarema.com.br\/loja\/wp-json\/wp\/v2\/product_tag?post=51686"}],"curies":[{"name":"wp","href":"https:\/\/api.w.org\/{rel}","templated":true}]}}