{"id":51711,"date":"2021-01-21T16:37:38","date_gmt":"2021-01-21T19:37:38","guid":{"rendered":"https:\/\/www.livrariarema.com.br\/loja\/produtos\/sem%20categoria\/graca-max-lucado\/"},"modified":"2026-02-25T16:20:03","modified_gmt":"2026-02-25T19:20:03","slug":"graca-max-lucado","status":"publish","type":"product","link":"https:\/\/www.livrariarema.com.br\/loja\/produtos\/livros\/vida-crista\/graca-max-lucado\/","title":{"rendered":"Gra\u00e7a &#8211; Max Lucado"},"content":{"rendered":"<p>Nas palavras do autor, Gra\u00e7a \u00e9 a melhor ideia de Deus. <br \/>\nNada escapa ao alcance dela. <br \/>\nNada pode modificar t\u00e3o profundamente a vida humana quanto ela.<br \/>\n Diferentemente de qualquer outra manifesta\u00e7\u00e3o religiosa ou conceitua\u00e7\u00e3o filos\u00f3fica, a Gra\u00e7a exp\u00f5e a pr\u00f3pria din\u00e2mica de vida proposta por Deus.<\/p>\n","protected":false},"excerpt":{"rendered":"<p>Nas palavras do autor, Gra\u00e7a \u00e9 a melhor ideia de Deus. Nada escapa ao alcance dela. Nada pode modificar t\u00e3o&hellip;<\/p>\n","protected":false},"featured_media":345470,"comment_status":"open","ping_status":"closed","template":"","meta":[],"product_cat":[134,137],"product_tag":[],"_links":{"self":[{"href":"https:\/\/www.livrariarema.com.br\/loja\/wp-json\/wp\/v2\/product\/51711"}],"collection":[{"href":"https:\/\/www.livrariarema.com.br\/loja\/wp-json\/wp\/v2\/product"}],"about":[{"href":"https:\/\/www.livrariarema.com.br\/loja\/wp-json\/wp\/v2\/types\/product"}],"replies":[{"embeddable":true,"href":"https:\/\/www.livrariarema.com.br\/loja\/wp-json\/wp\/v2\/comments?post=51711"}],"wp:featuredmedia":[{"embeddable":true,"href":"https:\/\/www.livrariarema.com.br\/loja\/wp-json\/wp\/v2\/media\/345470"}],"wp:attachment":[{"href":"https:\/\/www.livrariarema.com.br\/loja\/wp-json\/wp\/v2\/media?parent=51711"}],"wp:term":[{"taxonomy":"product_cat","embeddable":true,"href":"https:\/\/www.livrariarema.com.br\/loja\/wp-json\/wp\/v2\/product_cat?post=51711"},{"taxonomy":"product_tag","embeddable":true,"href":"https:\/\/www.livrariarema.com.br\/loja\/wp-json\/wp\/v2\/product_tag?post=51711"}],"curies":[{"name":"wp","href":"https:\/\/api.w.org\/{rel}","templated":true}]}}