{"id":51737,"date":"2021-01-21T16:38:32","date_gmt":"2021-01-21T19:38:32","guid":{"rendered":"https:\/\/www.livrariarema.com.br\/loja\/produtos\/sem%20categoria\/rei-esta-voltando-o-stephen-kaung\/"},"modified":"2026-04-30T12:14:18","modified_gmt":"2026-04-30T15:14:18","slug":"rei-esta-voltando-o-stephen-kaung","status":"publish","type":"product","link":"https:\/\/www.livrariarema.com.br\/loja\/produtos\/livros\/escatologia\/rei-esta-voltando-o-stephen-kaung\/","title":{"rendered":"S\u00e9rie Profecias Da B\u00edblia &#8211; O Rei Est\u00e1 Voltando &#8211; Stephen Kaung"},"content":{"rendered":"<p>A vinda do Senhor Jesus \u00e9 para n\u00f3s um motivo de grande expectativa e alegria, a nossa bendita esperan\u00e7a, o tema de nossos hinos e c\u00e2nticos. Nestes dias do fim \u00e9 imprescind\u00edvel conhecer o que dizem as Escrituras sobre os eventos relacionados \u00e0 vinda do Senhor, a fim de estarmos preparados para ela.<\/p>\n<p>Neste livro sobre os cap\u00edtulos 24 e 25 do Evangelho de Mateus, Stephen Kaung analisa a profecia de Jesus Cristo sobre o seu iminente retorno. Ao coment\u00e1-la, o autor ressalta a import\u00e2ncia da prepara\u00e7\u00e3o do povo de Deus para os eventos ligados \u00e0 vinda do Senhor. Estando conscientes destas realidades e preparados para elas, o dia de Cristo n\u00e3o trar\u00e1 surpresas para os filhos de Deus, mas ser\u00e1 um momento de grande alegria no t\u00e3o esperado encontro com o Senhor.<\/p>\n","protected":false},"excerpt":{"rendered":"<p>A vinda do Senhor Jesus \u00e9 para n\u00f3s um motivo de grande expectativa e alegria, a nossa bendita esperan\u00e7a, o&hellip;<\/p>\n","protected":false},"featured_media":347859,"comment_status":"open","ping_status":"closed","template":"","meta":[],"product_cat":[208,134],"product_tag":[],"_links":{"self":[{"href":"https:\/\/www.livrariarema.com.br\/loja\/wp-json\/wp\/v2\/product\/51737"}],"collection":[{"href":"https:\/\/www.livrariarema.com.br\/loja\/wp-json\/wp\/v2\/product"}],"about":[{"href":"https:\/\/www.livrariarema.com.br\/loja\/wp-json\/wp\/v2\/types\/product"}],"replies":[{"embeddable":true,"href":"https:\/\/www.livrariarema.com.br\/loja\/wp-json\/wp\/v2\/comments?post=51737"}],"wp:featuredmedia":[{"embeddable":true,"href":"https:\/\/www.livrariarema.com.br\/loja\/wp-json\/wp\/v2\/media\/347859"}],"wp:attachment":[{"href":"https:\/\/www.livrariarema.com.br\/loja\/wp-json\/wp\/v2\/media?parent=51737"}],"wp:term":[{"taxonomy":"product_cat","embeddable":true,"href":"https:\/\/www.livrariarema.com.br\/loja\/wp-json\/wp\/v2\/product_cat?post=51737"},{"taxonomy":"product_tag","embeddable":true,"href":"https:\/\/www.livrariarema.com.br\/loja\/wp-json\/wp\/v2\/product_tag?post=51737"}],"curies":[{"name":"wp","href":"https:\/\/api.w.org\/{rel}","templated":true}]}}