{"id":51739,"date":"2021-01-21T16:38:36","date_gmt":"2021-01-21T19:38:36","guid":{"rendered":"https:\/\/www.livrariarema.com.br\/loja\/produtos\/sem%20categoria\/havendo-deus-falado-vol-4-stephen-kaung\/"},"modified":"2026-04-13T12:53:30","modified_gmt":"2026-04-13T15:53:30","slug":"havendo-deus-falado-vol-4-stephen-kaung","status":"publish","type":"product","link":"https:\/\/www.livrariarema.com.br\/loja\/produtos\/livros\/estudo-biblico\/havendo-deus-falado-vol-4-stephen-kaung\/","title":{"rendered":"Havendo Deus Falado Vol. 4 &#8211; Stephen Kaung"},"content":{"rendered":"<p>Cristo, o amado Filho de Deus, \u00e9 o tema de tudo o que o Pai tem a dizer tanto no Antigo como no Novo Testamento. Se n\u00e3o virmos isso, a B\u00edblia ser\u00e1 para n\u00f3s apenas hist\u00f3ria, profecia, doutrina e poesia. Mas se Cristo nos for revelado, ent\u00e3o a Palavra ser\u00e1 descortinada diante de nossos olhos.<\/p>\n<p>Na s\u00e9rie Havendo Deus Falado, Stephen Kaung abre o Antigo Testamento com o objetivo de trazer ao leitor o pensamento central de Deus em cada um de seus 39 livros, de G\u00eanesis a Malaquias. Neste volume, o quarto da s\u00e9rie, o autor compartilha sobre como Deus nos fala em tr\u00eas livros hist\u00f3ricos:<\/p>\n<p>&#8211; Esdras fala do chamado para deixar a confus\u00e3o religiosa que h\u00e1 no mundo e retornar a Jerusal\u00e9m em ru\u00ednas para reerguer o testemunho de Deus;<\/p>\n<p>&#8211; Neemias fala da constru\u00e7\u00e3o do muro de separa\u00e7\u00e3o para o fortalecimento da vida corporativa dos filhos de Deus;<\/p>\n<p>&#8211; Ester fala do cuidado providencial de Deus operando por tr\u00e1s das cenas em benef\u00edcio do seu povo rebelde.<\/p>\n<p>Possamos ter nossos olhos abertos para, com a perspectiva do Pai, ouvirmos Aquele por meio de quem Deus tem nos falado hoje. &#8220;Havendo Deus, outrora, falado, muitas vezes e de muitas maneiras, aos pais, pelos profetas, nestes \u00faltimos dias, nos falou pelo Filho.&#8221; Hb 1:1,2a.<\/p>\n","protected":false},"excerpt":{"rendered":"<p>Cristo, o amado Filho de Deus, \u00e9 o tema de tudo o que o Pai tem a dizer tanto no&hellip;<\/p>\n","protected":false},"featured_media":346962,"comment_status":"open","ping_status":"closed","template":"","meta":[],"product_cat":[161,134],"product_tag":[],"_links":{"self":[{"href":"https:\/\/www.livrariarema.com.br\/loja\/wp-json\/wp\/v2\/product\/51739"}],"collection":[{"href":"https:\/\/www.livrariarema.com.br\/loja\/wp-json\/wp\/v2\/product"}],"about":[{"href":"https:\/\/www.livrariarema.com.br\/loja\/wp-json\/wp\/v2\/types\/product"}],"replies":[{"embeddable":true,"href":"https:\/\/www.livrariarema.com.br\/loja\/wp-json\/wp\/v2\/comments?post=51739"}],"wp:featuredmedia":[{"embeddable":true,"href":"https:\/\/www.livrariarema.com.br\/loja\/wp-json\/wp\/v2\/media\/346962"}],"wp:attachment":[{"href":"https:\/\/www.livrariarema.com.br\/loja\/wp-json\/wp\/v2\/media?parent=51739"}],"wp:term":[{"taxonomy":"product_cat","embeddable":true,"href":"https:\/\/www.livrariarema.com.br\/loja\/wp-json\/wp\/v2\/product_cat?post=51739"},{"taxonomy":"product_tag","embeddable":true,"href":"https:\/\/www.livrariarema.com.br\/loja\/wp-json\/wp\/v2\/product_tag?post=51739"}],"curies":[{"name":"wp","href":"https:\/\/api.w.org\/{rel}","templated":true}]}}