{"id":51748,"date":"2021-01-21T16:38:52","date_gmt":"2021-01-21T19:38:52","guid":{"rendered":"https:\/\/www.livrariarema.com.br\/loja\/produtos\/sem%20categoria\/vendo-cristo-no-novo-testamento-vol-3-stephen-kaung\/"},"modified":"2026-04-30T12:14:50","modified_gmt":"2026-04-30T15:14:50","slug":"vendo-cristo-no-novo-testamento-vol-3-stephen-kaung","status":"publish","type":"product","link":"https:\/\/www.livrariarema.com.br\/loja\/produtos\/livros\/estudo-biblico\/vendo-cristo-no-novo-testamento-vol-3-stephen-kaung\/","title":{"rendered":"Vendo Cristo No Novo Testamento Vol. 3 &#8211; Stephen Kaung"},"content":{"rendered":"<p>Ao longo de um per\u00edodo de aproximadamente tr\u00eas anos, come\u00e7ando em meados de 1983, Stephen Kaung compartilhou a s\u00e9rie de mensagens transcritas nas p\u00e1ginas de seis volumes.<\/p>\n<p>A s\u00e9rie, intitulada em portugu\u00eas Vendo Cristo no Novo Testamento, foi dividida em seis volumes iniciando com o Evangelho de Mateus e concluindo com o livro de Apocalipse.<\/p>\n<p>No volume 3, temos o seguinte:<\/p>\n<p>&#8211; Em Ef\u00e9sios vemos Cristo na Igreja;<\/p>\n<p>&#8211; Em Filipenses vemos Cristo na experi\u00eancia crist\u00e3;<\/p>\n<p>&#8211; Em Colossenses vemos Cristo como a plenitude de Deus;<\/p>\n<p>&#8211; Em 1 Tessalonicenses vemos Cristo em Sua Parousia; e<\/p>\n<p>&#8211; Em 2 Tessalonicenses vemos Cristo no Dia do Senhor.<\/p>\n<p>O encargo do irm\u00e3o Kaung foi mostrar de maneira profunda, mas ao mesmo tempo clara e devocional, que o tema central de tudo e de todas as eras, assim como de toda a B\u00edblia, \u00e9 a Pessoa amada do nosso Senhor Jesus Cristo.<\/p>\n","protected":false},"excerpt":{"rendered":"<p>Ao longo de um per\u00edodo de aproximadamente tr\u00eas anos, come\u00e7ando em meados de 1983, Stephen Kaung compartilhou a s\u00e9rie de&hellip;<\/p>\n","protected":false},"featured_media":347864,"comment_status":"open","ping_status":"closed","template":"","meta":[],"product_cat":[161,134],"product_tag":[],"_links":{"self":[{"href":"https:\/\/www.livrariarema.com.br\/loja\/wp-json\/wp\/v2\/product\/51748"}],"collection":[{"href":"https:\/\/www.livrariarema.com.br\/loja\/wp-json\/wp\/v2\/product"}],"about":[{"href":"https:\/\/www.livrariarema.com.br\/loja\/wp-json\/wp\/v2\/types\/product"}],"replies":[{"embeddable":true,"href":"https:\/\/www.livrariarema.com.br\/loja\/wp-json\/wp\/v2\/comments?post=51748"}],"wp:featuredmedia":[{"embeddable":true,"href":"https:\/\/www.livrariarema.com.br\/loja\/wp-json\/wp\/v2\/media\/347864"}],"wp:attachment":[{"href":"https:\/\/www.livrariarema.com.br\/loja\/wp-json\/wp\/v2\/media?parent=51748"}],"wp:term":[{"taxonomy":"product_cat","embeddable":true,"href":"https:\/\/www.livrariarema.com.br\/loja\/wp-json\/wp\/v2\/product_cat?post=51748"},{"taxonomy":"product_tag","embeddable":true,"href":"https:\/\/www.livrariarema.com.br\/loja\/wp-json\/wp\/v2\/product_tag?post=51748"}],"curies":[{"name":"wp","href":"https:\/\/api.w.org\/{rel}","templated":true}]}}