{"id":51751,"date":"2021-01-21T16:38:56","date_gmt":"2021-01-21T19:38:56","guid":{"rendered":"https:\/\/www.livrariarema.com.br\/loja\/produtos\/sem%20categoria\/vendo-cristo-no-novo-testamento-vol-5-stephen-kaung\/"},"modified":"2026-04-13T12:54:42","modified_gmt":"2026-04-13T15:54:42","slug":"vendo-cristo-no-novo-testamento-vol-5-stephen-kaung","status":"publish","type":"product","link":"https:\/\/www.livrariarema.com.br\/loja\/produtos\/livros\/estudo-biblico\/vendo-cristo-no-novo-testamento-vol-5-stephen-kaung\/","title":{"rendered":"Vendo Cristo No Novo Testamento Vol. 5 &#8211; Stephen Kaung"},"content":{"rendered":"<p>Ao longo de um per\u00edodo de aproximadamente tr\u00eas anos, come\u00e7ando em meados de 1983, Stephen Kaung compartilhou a s\u00e9rie de mensagens transcritas nas p\u00e1ginas de seis volumes.<br \/>\nA s\u00e9rie, intitulada em portugu\u00eas Vendo Cristo no Novo Testamento, foi dividida em seis volumes iniciando com o Evangelho de Mateus e concluindo com o livro de Apocalipse.<\/p>\n<p>No volume 5, temos o seguinte:<br \/>\n&#8211; Em Hebreus vemos Cristo como nosso Ap\u00f3stolo e Sumo Sacerdote;<br \/>\n&#8211; Em Tiago vemos Cristo na f\u00e9 viva;<br \/>\n&#8211; Em 1 Pedro vemos Cristo, o Pastor de nossa alma; e<br \/>\n&#8211; Em 2 Pedro vemos Cristo em Seu reino eterno.<\/p>\n<p>O encargo do irm\u00e3o Kaung foi mostrar de maneira profunda, mas ao mesmo tempo clara e devocional, que o tema central de tudo e de todas as eras, assim como de toda a B\u00edblia, \u00e9 a Pessoa amada do nosso Senhor Jesus Cristo.<\/p>\n","protected":false},"excerpt":{"rendered":"<p>Ao longo de um per\u00edodo de aproximadamente tr\u00eas anos, come\u00e7ando em meados de 1983, Stephen Kaung compartilhou a s\u00e9rie de&hellip;<\/p>\n","protected":false},"featured_media":346971,"comment_status":"open","ping_status":"closed","template":"","meta":[],"product_cat":[161,134],"product_tag":[],"_links":{"self":[{"href":"https:\/\/www.livrariarema.com.br\/loja\/wp-json\/wp\/v2\/product\/51751"}],"collection":[{"href":"https:\/\/www.livrariarema.com.br\/loja\/wp-json\/wp\/v2\/product"}],"about":[{"href":"https:\/\/www.livrariarema.com.br\/loja\/wp-json\/wp\/v2\/types\/product"}],"replies":[{"embeddable":true,"href":"https:\/\/www.livrariarema.com.br\/loja\/wp-json\/wp\/v2\/comments?post=51751"}],"wp:featuredmedia":[{"embeddable":true,"href":"https:\/\/www.livrariarema.com.br\/loja\/wp-json\/wp\/v2\/media\/346971"}],"wp:attachment":[{"href":"https:\/\/www.livrariarema.com.br\/loja\/wp-json\/wp\/v2\/media?parent=51751"}],"wp:term":[{"taxonomy":"product_cat","embeddable":true,"href":"https:\/\/www.livrariarema.com.br\/loja\/wp-json\/wp\/v2\/product_cat?post=51751"},{"taxonomy":"product_tag","embeddable":true,"href":"https:\/\/www.livrariarema.com.br\/loja\/wp-json\/wp\/v2\/product_tag?post=51751"}],"curies":[{"name":"wp","href":"https:\/\/api.w.org\/{rel}","templated":true}]}}