{"id":51755,"date":"2021-01-21T16:39:04","date_gmt":"2021-01-21T19:39:04","guid":{"rendered":"https:\/\/www.livrariarema.com.br\/loja\/produtos\/sem%20categoria\/havendo-deus-falado-vol-5-stephen-kaung\/"},"modified":"2026-04-13T12:25:47","modified_gmt":"2026-04-13T15:25:47","slug":"havendo-deus-falado-vol-5-stephen-kaung","status":"publish","type":"product","link":"https:\/\/www.livrariarema.com.br\/loja\/produtos\/livros\/estudo-biblico\/havendo-deus-falado-vol-5-stephen-kaung\/","title":{"rendered":"Havendo Deus Falado Vol. 5 &#8211; Stephen Kaung"},"content":{"rendered":"<p>Cristo, o amado Filho de Deus, \u00e9 o tema de tudo o que o Pai tem a dizer no Antigo e no Novo Testamentos. Se n\u00e3o virmos isso, a B\u00edblia ser\u00e1 para n\u00f3s apenas hist\u00f3ria, profecia, doutrina e poesia. Mas se Cristo nos for revelado, ent\u00e3o a Palavra ser\u00e1 descortinada diante de nossos olhos.<\/p>\n<p>Na s\u00e9rie Havendo Deus Falado, Stephen Kaung abre o Antigo Testamento com o objetivo de trazer ao leitor o pensamento central de Deus em cada um de seus 39 livros, de G\u00eanesis a Malaquias. Neste volume, o quinto da s\u00e9rie, o autor compartilha sobre como Deus nos fala nos cinco livros po\u00e9ticos:<\/p>\n<p>&#8211; J\u00f3 trata do sofrimento humano \u00e0 luz da soberania de Deus;<\/p>\n<p>&#8211; Salmos expressa o bater do cora\u00e7\u00e3o dos santos em resposta ao bater do cora\u00e7\u00e3o de Deus;<\/p>\n<p>&#8211; Prov\u00e9rbios mostra como a sabedoria celestial direciona nossa vida di\u00e1ria na terra;<\/p>\n<p>&#8211; Eclesiastes nos exorta ao temor do Senhor diante da vaidade que prevalece no mundo;<\/p>\n<p>&#8211; C\u00e2ntico dos C\u00e2nticos mostra como amadurecemos no amor de Deus que est\u00e1 em Cristo Jesus.<\/p>\n<p>Possamos ter nossos olhos abertos para, com a perspectiva do Pai, ouvirmos Aquele por meio de quem Deus tem nos falado hoje. &#8220;Havendo Deus, outrora, falado, muitas vezes e de muitas maneiras, aos pais, pelos profetas, nestes \u00faltimos dias, nos falou pelo Filho.&#8221; Hb 1:1,2a.<\/p>\n","protected":false},"excerpt":{"rendered":"<p>Cristo, o amado Filho de Deus, \u00e9 o tema de tudo o que o Pai tem a dizer no Antigo&hellip;<\/p>\n","protected":false},"featured_media":346939,"comment_status":"open","ping_status":"closed","template":"","meta":[],"product_cat":[161,134],"product_tag":[],"_links":{"self":[{"href":"https:\/\/www.livrariarema.com.br\/loja\/wp-json\/wp\/v2\/product\/51755"}],"collection":[{"href":"https:\/\/www.livrariarema.com.br\/loja\/wp-json\/wp\/v2\/product"}],"about":[{"href":"https:\/\/www.livrariarema.com.br\/loja\/wp-json\/wp\/v2\/types\/product"}],"replies":[{"embeddable":true,"href":"https:\/\/www.livrariarema.com.br\/loja\/wp-json\/wp\/v2\/comments?post=51755"}],"wp:featuredmedia":[{"embeddable":true,"href":"https:\/\/www.livrariarema.com.br\/loja\/wp-json\/wp\/v2\/media\/346939"}],"wp:attachment":[{"href":"https:\/\/www.livrariarema.com.br\/loja\/wp-json\/wp\/v2\/media?parent=51755"}],"wp:term":[{"taxonomy":"product_cat","embeddable":true,"href":"https:\/\/www.livrariarema.com.br\/loja\/wp-json\/wp\/v2\/product_cat?post=51755"},{"taxonomy":"product_tag","embeddable":true,"href":"https:\/\/www.livrariarema.com.br\/loja\/wp-json\/wp\/v2\/product_tag?post=51755"}],"curies":[{"name":"wp","href":"https:\/\/api.w.org\/{rel}","templated":true}]}}