{"id":51761,"date":"2021-01-21T16:39:18","date_gmt":"2021-01-21T19:39:18","guid":{"rendered":"https:\/\/www.livrariarema.com.br\/loja\/produtos\/sem%20categoria\/vida-do-senhor-jesus-a-stephen-kaung\/"},"modified":"2026-04-30T16:43:17","modified_gmt":"2026-04-30T19:43:17","slug":"vida-do-senhor-jesus-a-stephen-kaung","status":"publish","type":"product","link":"https:\/\/www.livrariarema.com.br\/loja\/produtos\/livros\/cristologia\/vida-do-senhor-jesus-a-stephen-kaung\/","title":{"rendered":"Vida Do Senhor Jesus, A &#8211; Stephen Kaung"},"content":{"rendered":"<p>Andrew Murray escreve no pref\u00e1cio de seu livro sobre a ep\u00edstola aos Hebreus: &#8220;.nossa \u00fanica necessidade \u00e9 conhecer melhor a Jesus, e a \u00fanica cura para toda nossa fraqueza \u00e9 olharmos para Ele sobre o trono dos c\u00e9us e pedir pela vida celestial que Ele deseja nos conceder&#8221;. O mesmo sentimento \u00e9 assim expresso por Stephen Kaung neste livro: &#8220;Nossa f\u00e9 n\u00e3o se baseia em ensinamentos, doutrinas, formas, sistemas, rituais ou cerim\u00f4nias. Nossa vida crist\u00e3 baseia-se em uma Pessoa, o Cristo vivo. Toda nossa vida crist\u00e3 n\u00e3o \u00e9 nada sen\u00e3o ter um conhecimento vivo de Cristo Jesus. Portanto \u00e9 essencial que cada um de n\u00f3s realmente O conhe\u00e7a (.) Essa era a paix\u00e3o do ap\u00f3stolo Paulo (.) e espero que n\u00e3o seja apenas a dele, mas que seja tamb\u00e9m nossa paix\u00e3o: conhec\u00ea-lO.&#8221;<\/p>\n<p>Come\u00e7ando com Jo\u00e3o Batista, o precursor que preparou o caminho do Senhor, o autor compartilha as realidades centrais da vida do Senhor Jesus prosseguindo com o registro B\u00edblico da vida de Cristo &#8220;nos dias da Sua carne&#8221; e concluindo com o Rei dos reis ressurreto e glorificado em Seu reino sempiterno. Seu encargo \u00e9 ajudar-nos a ver o Senhor com os olhos de nosso cora\u00e7\u00e3o para que sejamos completamente cativados por Ele.<\/p>\n<p>Ele, que \u00e9 o resplendor da gl\u00f3ria e a express\u00e3o exata do seu Ser, . Hb 1:3a. &#8220;Tu \u00e9s o mais formoso dos filhos dos homens; nos teus l\u00e1bios se extravasou a gra\u00e7a; por isso, Deus te aben\u00e7oou para sempre&#8221; Sl 45:2. &#8220;Quem mais tenho eu no c\u00e9u? N\u00e3o h\u00e1 outro em quem eu me compraza na terra&#8221; Sl 73:25. &#8220;.para o conhecer, e o poder da sua ressurrei\u00e7\u00e3o, e a comunh\u00e3o dos seus sofrimentos, conformando-me com ele na sua morte; para, de algum modo, alcan\u00e7ar a ressurrei\u00e7\u00e3o dentre os mortos.&#8221; Fp 3:10 e 11.<\/p>\n","protected":false},"excerpt":{"rendered":"<p>Andrew Murray escreve no pref\u00e1cio de seu livro sobre a ep\u00edstola aos Hebreus: &#8220;.nossa \u00fanica necessidade \u00e9 conhecer melhor a&hellip;<\/p>\n","protected":false},"featured_media":346943,"comment_status":"open","ping_status":"closed","template":"","meta":[],"product_cat":[154,134],"product_tag":[],"_links":{"self":[{"href":"https:\/\/www.livrariarema.com.br\/loja\/wp-json\/wp\/v2\/product\/51761"}],"collection":[{"href":"https:\/\/www.livrariarema.com.br\/loja\/wp-json\/wp\/v2\/product"}],"about":[{"href":"https:\/\/www.livrariarema.com.br\/loja\/wp-json\/wp\/v2\/types\/product"}],"replies":[{"embeddable":true,"href":"https:\/\/www.livrariarema.com.br\/loja\/wp-json\/wp\/v2\/comments?post=51761"}],"wp:featuredmedia":[{"embeddable":true,"href":"https:\/\/www.livrariarema.com.br\/loja\/wp-json\/wp\/v2\/media\/346943"}],"wp:attachment":[{"href":"https:\/\/www.livrariarema.com.br\/loja\/wp-json\/wp\/v2\/media?parent=51761"}],"wp:term":[{"taxonomy":"product_cat","embeddable":true,"href":"https:\/\/www.livrariarema.com.br\/loja\/wp-json\/wp\/v2\/product_cat?post=51761"},{"taxonomy":"product_tag","embeddable":true,"href":"https:\/\/www.livrariarema.com.br\/loja\/wp-json\/wp\/v2\/product_tag?post=51761"}],"curies":[{"name":"wp","href":"https:\/\/api.w.org\/{rel}","templated":true}]}}