{"id":51766,"date":"2021-01-21T16:39:25","date_gmt":"2021-01-21T19:39:25","guid":{"rendered":"https:\/\/www.livrariarema.com.br\/loja\/produtos\/sem%20categoria\/serie-profecias-da-biblia-grandes-profecias-da-biblia-vol-1-christian-chen\/"},"modified":"2026-04-13T12:56:05","modified_gmt":"2026-04-13T15:56:05","slug":"serie-profecias-da-biblia-grandes-profecias-da-biblia-vol-1-christian-chen","status":"publish","type":"product","link":"https:\/\/www.livrariarema.com.br\/loja\/produtos\/livros\/estudo-biblico\/serie-profecias-da-biblia-grandes-profecias-da-biblia-vol-1-christian-chen\/","title":{"rendered":"S\u00e9rie Profecias Da B\u00edblia &#8211; Grandes Profecias Da B\u00edblia &#8211; Vol. 1 &#8211; Christian Chen"},"content":{"rendered":"<p>&#8220;Vede a figueira e todas as \u00e1rvores. Quando come\u00e7am a brotar, vendo-o, sabeis, por v\u00f3s mesmos, que o ver\u00e3o est\u00e1 pr\u00f3ximo. Assim tamb\u00e9m, quando virdes acontecerem estas coisas, sabei que est\u00e1 pr\u00f3ximo o reino de Deus&#8221; Lucas 21:29-31. Grandes Profecias da B\u00edblia &#8211; Vol. 1 abre a s\u00e9rie Profecias da B\u00edblia. Tendo como pano de fundo as palavras do Senhor sobre &#8220;a figueira&#8221; e &#8220;todas as \u00e1rvores&#8221; e com base s\u00f3lida nas Escrituras, o autor exp\u00f5e com grande clareza o cumprimento maravilhoso da palavra prof\u00e9tica ao longo da hist\u00f3ria, passando pelo renascimento da na\u00e7\u00e3o de Israel e pelo recente avivamento do poder babil\u00f4nico.<\/p>\n<p>Est\u00e3o inclu\u00eddas neste volume: 1) A profecia de Bala\u00e3o; 2) O sonho de Nabucodonosor; 3) As duas Babil\u00f4nias; 4) A reconstru\u00e7\u00e3o da cidade da Babil\u00f4nia e 5) O sonho de Daniel. A s\u00e9rie Profecias da B\u00edblia \u00e9 composta por transcri\u00e7\u00f5es de mensagens proferidas pelo autor em diversas confer\u00eancias no Brasil durante os anos turbulentos que tiveram in\u00edcio com a Guerra do Golfo e t\u00eam se estendido at\u00e9 os dias de hoje. O conte\u00fado da s\u00e9rie reflete aquilo que o autor ganhou diante do Senhor, juntamente com muita luz e revela\u00e7\u00e3o recebidas da abund\u00e2ncia depositada no corpo de Cristo ao longo dos \u00faltimos 2000 anos. Possam esses volumes ser de ajuda, encorajamento e fortalecimento a todos aqueles que, vigiando nos \u00faltimos dias, anelam pela volta do Amado Noivo. Aquele d\u00e1 testemunho destas coisas diz: Certamente, venho sem demora. Am\u00e9m! Vem, Senhor Jesus! Ap 22:20<\/p>\n","protected":false},"excerpt":{"rendered":"<p>&#8220;Vede a figueira e todas as \u00e1rvores. Quando come\u00e7am a brotar, vendo-o, sabeis, por v\u00f3s mesmos, que o ver\u00e3o est\u00e1&hellip;<\/p>\n","protected":false},"featured_media":346974,"comment_status":"open","ping_status":"closed","template":"","meta":[],"product_cat":[161,134],"product_tag":[],"_links":{"self":[{"href":"https:\/\/www.livrariarema.com.br\/loja\/wp-json\/wp\/v2\/product\/51766"}],"collection":[{"href":"https:\/\/www.livrariarema.com.br\/loja\/wp-json\/wp\/v2\/product"}],"about":[{"href":"https:\/\/www.livrariarema.com.br\/loja\/wp-json\/wp\/v2\/types\/product"}],"replies":[{"embeddable":true,"href":"https:\/\/www.livrariarema.com.br\/loja\/wp-json\/wp\/v2\/comments?post=51766"}],"wp:featuredmedia":[{"embeddable":true,"href":"https:\/\/www.livrariarema.com.br\/loja\/wp-json\/wp\/v2\/media\/346974"}],"wp:attachment":[{"href":"https:\/\/www.livrariarema.com.br\/loja\/wp-json\/wp\/v2\/media?parent=51766"}],"wp:term":[{"taxonomy":"product_cat","embeddable":true,"href":"https:\/\/www.livrariarema.com.br\/loja\/wp-json\/wp\/v2\/product_cat?post=51766"},{"taxonomy":"product_tag","embeddable":true,"href":"https:\/\/www.livrariarema.com.br\/loja\/wp-json\/wp\/v2\/product_tag?post=51766"}],"curies":[{"name":"wp","href":"https:\/\/api.w.org\/{rel}","templated":true}]}}