{"id":51770,"date":"2021-01-21T16:39:33","date_gmt":"2021-01-21T19:39:33","guid":{"rendered":"https:\/\/www.livrariarema.com.br\/loja\/produtos\/sem%20categoria\/proposito-de-deus-para-a-familia-o-stephen-kaung\/"},"modified":"2026-02-12T16:28:35","modified_gmt":"2026-02-12T19:28:35","slug":"proposito-de-deus-para-a-familia-o-stephen-kaung","status":"publish","type":"product","link":"https:\/\/www.livrariarema.com.br\/loja\/produtos\/livros\/familia\/proposito-de-deus-para-a-familia-o-stephen-kaung\/","title":{"rendered":"Prop\u00f3sito De Deus Para A Fam\u00edlia, O &#8211; Stephen Kaung"},"content":{"rendered":"<p>Este livro \u00e9 a compila\u00e7\u00e3o de sete mensagens sobre um assunto de fundamental import\u00e2ncia para todos os crist\u00e3os: a fam\u00edlia.<\/p>\n<p>O autor aborda esse importante assunto sob sete aspectos:<\/p>\n<p>&#8211; A origem da fam\u00edlia;<br \/>\n&#8211; A queda da fam\u00edlia;<br \/>\n&#8211; A salva\u00e7\u00e3o da fam\u00edlia;<br \/>\n&#8211; Escolhendo um c\u00f4njuge;<br \/>\n&#8211; Relacionamento entre marido e mulher;<br \/>\n&#8211; Pais e filhos; <br \/>\n&#8211; O prop\u00f3sito da fam\u00edlia.<\/p>\n<p>&#8220;A fam\u00edlia n\u00e3o \u00e9 algo acidental (.). A fam\u00edlia se origina em Deus. \u00c9 um conceito divino&#8221;.<\/p>\n","protected":false},"excerpt":{"rendered":"<p>Este livro \u00e9 a compila\u00e7\u00e3o de sete mensagens sobre um assunto de fundamental import\u00e2ncia para todos os crist\u00e3os: a fam\u00edlia.&hellip;<\/p>\n","protected":false},"featured_media":342365,"comment_status":"open","ping_status":"closed","template":"","meta":[],"product_cat":[178,134],"product_tag":[],"_links":{"self":[{"href":"https:\/\/www.livrariarema.com.br\/loja\/wp-json\/wp\/v2\/product\/51770"}],"collection":[{"href":"https:\/\/www.livrariarema.com.br\/loja\/wp-json\/wp\/v2\/product"}],"about":[{"href":"https:\/\/www.livrariarema.com.br\/loja\/wp-json\/wp\/v2\/types\/product"}],"replies":[{"embeddable":true,"href":"https:\/\/www.livrariarema.com.br\/loja\/wp-json\/wp\/v2\/comments?post=51770"}],"wp:featuredmedia":[{"embeddable":true,"href":"https:\/\/www.livrariarema.com.br\/loja\/wp-json\/wp\/v2\/media\/342365"}],"wp:attachment":[{"href":"https:\/\/www.livrariarema.com.br\/loja\/wp-json\/wp\/v2\/media?parent=51770"}],"wp:term":[{"taxonomy":"product_cat","embeddable":true,"href":"https:\/\/www.livrariarema.com.br\/loja\/wp-json\/wp\/v2\/product_cat?post=51770"},{"taxonomy":"product_tag","embeddable":true,"href":"https:\/\/www.livrariarema.com.br\/loja\/wp-json\/wp\/v2\/product_tag?post=51770"}],"curies":[{"name":"wp","href":"https:\/\/api.w.org\/{rel}","templated":true}]}}